{"id":7015,"date":"2021-05-04T10:55:35","date_gmt":"2021-05-04T08:55:35","guid":{"rendered":"https:\/\/budatec.de\/?page_id=7015"},"modified":"2022-05-23T10:57:44","modified_gmt":"2022-05-23T08:57:44","slug":"applikation-center","status":"publish","type":"page","link":"https:\/\/budatec.de\/en\/applikation-center\/","title":{"rendered":"Application center"},"content":{"rendered":"<div data-elementor-type=\"wp-page\" data-elementor-id=\"7015\" class=\"elementor elementor-7015\">\n\t\t\t\t\t\t<section class=\"elementor-section elementor-top-section elementor-element elementor-element-89e8614 elementor-section-content-top elementor-section-boxed elementor-section-height-default elementor-section-height-default\" data-id=\"89e8614\" data-element_type=\"section\" data-e-type=\"section\" data-settings=\"{&quot;background_background&quot;:&quot;classic&quot;}\">\n\t\t\t\t\t\t<div class=\"elementor-container elementor-column-gap-default\">\n\t\t\t\t\t<div class=\"elementor-column elementor-col-50 elementor-top-column elementor-element elementor-element-33260db elementor-hidden-mobile\" data-id=\"33260db\" data-element_type=\"column\" data-e-type=\"column\" data-settings=\"{&quot;background_background&quot;:&quot;classic&quot;}\">\n\t\t\t<div class=\"elementor-widget-wrap elementor-element-populated\">\n\t\t\t\t\t\t<div class=\"elementor-element elementor-element-748f57f elementor-widget elementor-widget-image\" data-id=\"748f57f\" data-element_type=\"widget\" data-e-type=\"widget\" data-widget_type=\"image.default\">\n\t\t\t\t<div class=\"elementor-widget-container\">\n\t\t\t\t\t\t\t\t\t\t\t\t\t\t\t<img fetchpriority=\"high\" decoding=\"async\" width=\"500\" height=\"744\" src=\"https:\/\/budatec.de\/wp-content\/uploads\/Waben_02.png\" class=\"attachment-full size-full wp-image-10696\" alt=\"\" srcset=\"https:\/\/budatec.de\/wp-content\/uploads\/Waben_02.png 500w, https:\/\/budatec.de\/wp-content\/uploads\/Waben_02-202x300.png 202w, https:\/\/budatec.de\/wp-content\/uploads\/Waben_02-8x12.png 8w\" sizes=\"(max-width: 500px) 100vw, 500px\" \/>\t\t\t\t\t\t\t\t\t\t\t\t\t\t\t<\/div>\n\t\t\t\t<\/div>\n\t\t\t\t\t<\/div>\n\t\t<\/div>\n\t\t\t\t<div class=\"elementor-column elementor-col-50 elementor-top-column elementor-element elementor-element-5e61567\" data-id=\"5e61567\" data-element_type=\"column\" data-e-type=\"column\" data-settings=\"{&quot;background_background&quot;:&quot;classic&quot;}\">\n\t\t\t<div class=\"elementor-widget-wrap elementor-element-populated\">\n\t\t\t\t\t\t<div class=\"elementor-element elementor-element-2fcae9c elementor-widget elementor-widget-heading\" data-id=\"2fcae9c\" data-element_type=\"widget\" data-e-type=\"widget\" data-widget_type=\"heading.default\">\n\t\t\t\t<div class=\"elementor-widget-container\">\n\t\t\t\t\t<h2 class=\"elementor-heading-title elementor-size-default\">Application center<\/h2>\t\t\t\t<\/div>\n\t\t\t\t<\/div>\n\t\t\t\t<div class=\"elementor-element elementor-element-b90f2f2 elementor-widget elementor-widget-text-editor\" data-id=\"b90f2f2\" data-element_type=\"widget\" data-e-type=\"widget\" data-widget_type=\"text-editor.default\">\n\t\t\t\t<div class=\"elementor-widget-container\">\n\t\t\t\t\t\t\t\t\t<p>In our application center, we can use a variety of technologies together with our partners. This enables us to develop and implement customer applications ranging from simple vacuum soldering to complete module assembly. The construction of small or pre-series sintered and\/or soldered modules is also possible.<\/p>\t\t\t\t\t\t\t\t<\/div>\n\t\t\t\t<\/div>\n\t\t\t\t<section class=\"elementor-section elementor-inner-section elementor-element elementor-element-6f7bb1e elementor-section-boxed elementor-section-height-default elementor-section-height-default\" data-id=\"6f7bb1e\" data-element_type=\"section\" data-e-type=\"section\">\n\t\t\t\t\t\t<div class=\"elementor-container elementor-column-gap-default\">\n\t\t\t\t\t<div class=\"elementor-column elementor-col-33 elementor-inner-column elementor-element elementor-element-a83b628\" data-id=\"a83b628\" data-element_type=\"column\" data-e-type=\"column\">\n\t\t\t<div class=\"elementor-widget-wrap elementor-element-populated\">\n\t\t\t\t\t\t<div class=\"elementor-element elementor-element-f8b5a89 elementor-position-top elementor-widget elementor-widget-image-box\" data-id=\"f8b5a89\" data-element_type=\"widget\" data-e-type=\"widget\" data-widget_type=\"image-box.default\">\n\t\t\t\t<div class=\"elementor-widget-container\">\n\t\t\t\t\t<div class=\"elementor-image-box-wrapper\"><figure class=\"elementor-image-box-img\"><img decoding=\"async\" width=\"1200\" height=\"800\" src=\"https:\/\/budatec.de\/wp-content\/uploads\/Technologie-Applikationszentrum_Pastendruck_01.jpg\" class=\"attachment-full size-full wp-image-9837\" alt=\"\" srcset=\"https:\/\/budatec.de\/wp-content\/uploads\/Technologie-Applikationszentrum_Pastendruck_01.jpg 1200w, https:\/\/budatec.de\/wp-content\/uploads\/Technologie-Applikationszentrum_Pastendruck_01-300x200.jpg 300w, https:\/\/budatec.de\/wp-content\/uploads\/Technologie-Applikationszentrum_Pastendruck_01-1024x683.jpg 1024w, https:\/\/budatec.de\/wp-content\/uploads\/Technologie-Applikationszentrum_Pastendruck_01-768x512.jpg 768w, https:\/\/budatec.de\/wp-content\/uploads\/Technologie-Applikationszentrum_Pastendruck_01-18x12.jpg 18w\" sizes=\"(max-width: 1200px) 100vw, 1200px\" \/><\/figure><div class=\"elementor-image-box-content\"><p class=\"elementor-image-box-description\">Paste printing<\/p><\/div><\/div>\t\t\t\t<\/div>\n\t\t\t\t<\/div>\n\t\t\t\t\t<\/div>\n\t\t<\/div>\n\t\t\t\t<div class=\"elementor-column elementor-col-33 elementor-inner-column elementor-element elementor-element-c5a4d43\" data-id=\"c5a4d43\" data-element_type=\"column\" data-e-type=\"column\">\n\t\t\t<div class=\"elementor-widget-wrap elementor-element-populated\">\n\t\t\t\t\t\t<div class=\"elementor-element elementor-element-9f790ca elementor-position-top elementor-widget elementor-widget-image-box\" data-id=\"9f790ca\" data-element_type=\"widget\" data-e-type=\"widget\" data-widget_type=\"image-box.default\">\n\t\t\t\t<div class=\"elementor-widget-container\">\n\t\t\t\t\t<div class=\"elementor-image-box-wrapper\"><figure class=\"elementor-image-box-img\"><img decoding=\"async\" width=\"1200\" height=\"800\" src=\"https:\/\/budatec.de\/wp-content\/uploads\/Technologie-Applikationszentrum_Pastentrocknung_01.jpg\" class=\"attachment-full size-full wp-image-9838\" alt=\"\" srcset=\"https:\/\/budatec.de\/wp-content\/uploads\/Technologie-Applikationszentrum_Pastentrocknung_01.jpg 1200w, https:\/\/budatec.de\/wp-content\/uploads\/Technologie-Applikationszentrum_Pastentrocknung_01-300x200.jpg 300w, https:\/\/budatec.de\/wp-content\/uploads\/Technologie-Applikationszentrum_Pastentrocknung_01-1024x683.jpg 1024w, https:\/\/budatec.de\/wp-content\/uploads\/Technologie-Applikationszentrum_Pastentrocknung_01-768x512.jpg 768w, https:\/\/budatec.de\/wp-content\/uploads\/Technologie-Applikationszentrum_Pastentrocknung_01-18x12.jpg 18w\" sizes=\"(max-width: 1200px) 100vw, 1200px\" \/><\/figure><div class=\"elementor-image-box-content\"><p class=\"elementor-image-box-description\">Paste drying<\/p><\/div><\/div>\t\t\t\t<\/div>\n\t\t\t\t<\/div>\n\t\t\t\t\t<\/div>\n\t\t<\/div>\n\t\t\t\t<div class=\"elementor-column elementor-col-33 elementor-inner-column elementor-element elementor-element-2ee18fc\" data-id=\"2ee18fc\" data-element_type=\"column\" data-e-type=\"column\">\n\t\t\t<div class=\"elementor-widget-wrap elementor-element-populated\">\n\t\t\t\t\t\t<div class=\"elementor-element elementor-element-48a9331 elementor-position-top elementor-widget elementor-widget-image-box\" data-id=\"48a9331\" data-element_type=\"widget\" data-e-type=\"widget\" data-widget_type=\"image-box.default\">\n\t\t\t\t<div class=\"elementor-widget-container\">\n\t\t\t\t\t<div class=\"elementor-image-box-wrapper\"><figure class=\"elementor-image-box-img\"><img loading=\"lazy\" decoding=\"async\" width=\"1200\" height=\"800\" src=\"https:\/\/budatec.de\/wp-content\/uploads\/Technologie-Applikationszentrum_Bonding_01.jpg\" class=\"attachment-full size-full wp-image-9839\" alt=\"\" srcset=\"https:\/\/budatec.de\/wp-content\/uploads\/Technologie-Applikationszentrum_Bonding_01.jpg 1200w, https:\/\/budatec.de\/wp-content\/uploads\/Technologie-Applikationszentrum_Bonding_01-300x200.jpg 300w, https:\/\/budatec.de\/wp-content\/uploads\/Technologie-Applikationszentrum_Bonding_01-1024x683.jpg 1024w, https:\/\/budatec.de\/wp-content\/uploads\/Technologie-Applikationszentrum_Bonding_01-768x512.jpg 768w, https:\/\/budatec.de\/wp-content\/uploads\/Technologie-Applikationszentrum_Bonding_01-18x12.jpg 18w\" sizes=\"(max-width: 1200px) 100vw, 1200px\" \/><\/figure><div class=\"elementor-image-box-content\"><p class=\"elementor-image-box-description\">Bonding<\/p><\/div><\/div>\t\t\t\t<\/div>\n\t\t\t\t<\/div>\n\t\t\t\t\t<\/div>\n\t\t<\/div>\n\t\t\t\t\t<\/div>\n\t\t<\/section>\n\t\t\t\t<section class=\"elementor-section elementor-inner-section elementor-element elementor-element-5bc0528 elementor-section-boxed elementor-section-height-default elementor-section-height-default\" data-id=\"5bc0528\" data-element_type=\"section\" data-e-type=\"section\">\n\t\t\t\t\t\t<div class=\"elementor-container elementor-column-gap-default\">\n\t\t\t\t\t<div class=\"elementor-column elementor-col-33 elementor-inner-column elementor-element elementor-element-487cf37\" data-id=\"487cf37\" data-element_type=\"column\" data-e-type=\"column\">\n\t\t\t<div class=\"elementor-widget-wrap elementor-element-populated\">\n\t\t\t\t\t\t<div class=\"elementor-element elementor-element-ef5fc96 elementor-position-top elementor-widget elementor-widget-image-box\" data-id=\"ef5fc96\" data-element_type=\"widget\" data-e-type=\"widget\" data-widget_type=\"image-box.default\">\n\t\t\t\t<div class=\"elementor-widget-container\">\n\t\t\t\t\t<div class=\"elementor-image-box-wrapper\"><figure class=\"elementor-image-box-img\"><img loading=\"lazy\" decoding=\"async\" width=\"1200\" height=\"800\" src=\"https:\/\/budatec.de\/wp-content\/uploads\/Technologie-Applikationszentrum_Sintern_04.jpg\" class=\"attachment-full size-full wp-image-9840\" alt=\"\" srcset=\"https:\/\/budatec.de\/wp-content\/uploads\/Technologie-Applikationszentrum_Sintern_04.jpg 1200w, https:\/\/budatec.de\/wp-content\/uploads\/Technologie-Applikationszentrum_Sintern_04-300x200.jpg 300w, https:\/\/budatec.de\/wp-content\/uploads\/Technologie-Applikationszentrum_Sintern_04-1024x683.jpg 1024w, https:\/\/budatec.de\/wp-content\/uploads\/Technologie-Applikationszentrum_Sintern_04-768x512.jpg 768w, https:\/\/budatec.de\/wp-content\/uploads\/Technologie-Applikationszentrum_Sintern_04-18x12.jpg 18w\" sizes=\"(max-width: 1200px) 100vw, 1200px\" \/><\/figure><div class=\"elementor-image-box-content\"><p class=\"elementor-image-box-description\">Sintering<\/p><\/div><\/div>\t\t\t\t<\/div>\n\t\t\t\t<\/div>\n\t\t\t\t\t<\/div>\n\t\t<\/div>\n\t\t\t\t<div class=\"elementor-column elementor-col-33 elementor-inner-column elementor-element elementor-element-144a214\" data-id=\"144a214\" data-element_type=\"column\" data-e-type=\"column\">\n\t\t\t<div class=\"elementor-widget-wrap elementor-element-populated\">\n\t\t\t\t\t\t<div class=\"elementor-element elementor-element-868e5c5 elementor-position-top elementor-widget elementor-widget-image-box\" data-id=\"868e5c5\" data-element_type=\"widget\" data-e-type=\"widget\" data-widget_type=\"image-box.default\">\n\t\t\t\t<div class=\"elementor-widget-container\">\n\t\t\t\t\t<div class=\"elementor-image-box-wrapper\"><figure class=\"elementor-image-box-img\"><img loading=\"lazy\" decoding=\"async\" width=\"1200\" height=\"800\" src=\"https:\/\/budatec.de\/wp-content\/uploads\/Technologie-Applikationszentrum_VakuumLoeten_01.jpg\" class=\"attachment-full size-full wp-image-9841\" alt=\"\" srcset=\"https:\/\/budatec.de\/wp-content\/uploads\/Technologie-Applikationszentrum_VakuumLoeten_01.jpg 1200w, https:\/\/budatec.de\/wp-content\/uploads\/Technologie-Applikationszentrum_VakuumLoeten_01-300x200.jpg 300w, https:\/\/budatec.de\/wp-content\/uploads\/Technologie-Applikationszentrum_VakuumLoeten_01-1024x683.jpg 1024w, https:\/\/budatec.de\/wp-content\/uploads\/Technologie-Applikationszentrum_VakuumLoeten_01-768x512.jpg 768w, https:\/\/budatec.de\/wp-content\/uploads\/Technologie-Applikationszentrum_VakuumLoeten_01-18x12.jpg 18w\" sizes=\"(max-width: 1200px) 100vw, 1200px\" \/><\/figure><div class=\"elementor-image-box-content\"><p class=\"elementor-image-box-description\">Vacuum soldering<\/p><\/div><\/div>\t\t\t\t<\/div>\n\t\t\t\t<\/div>\n\t\t\t\t\t<\/div>\n\t\t<\/div>\n\t\t\t\t<div class=\"elementor-column elementor-col-33 elementor-inner-column elementor-element elementor-element-92e093b\" data-id=\"92e093b\" data-element_type=\"column\" data-e-type=\"column\">\n\t\t\t<div class=\"elementor-widget-wrap elementor-element-populated\">\n\t\t\t\t\t\t<div class=\"elementor-element elementor-element-5279457 elementor-position-top elementor-widget elementor-widget-image-box\" data-id=\"5279457\" data-element_type=\"widget\" data-e-type=\"widget\" data-widget_type=\"image-box.default\">\n\t\t\t\t<div class=\"elementor-widget-container\">\n\t\t\t\t\t<div class=\"elementor-image-box-wrapper\"><figure class=\"elementor-image-box-img\"><img loading=\"lazy\" decoding=\"async\" width=\"1200\" height=\"800\" src=\"https:\/\/budatec.de\/wp-content\/uploads\/Technologie-Applikationszentrum_Wirebonding_01.jpg\" class=\"attachment-full size-full wp-image-9842\" alt=\"\" srcset=\"https:\/\/budatec.de\/wp-content\/uploads\/Technologie-Applikationszentrum_Wirebonding_01.jpg 1200w, https:\/\/budatec.de\/wp-content\/uploads\/Technologie-Applikationszentrum_Wirebonding_01-300x200.jpg 300w, https:\/\/budatec.de\/wp-content\/uploads\/Technologie-Applikationszentrum_Wirebonding_01-1024x683.jpg 1024w, https:\/\/budatec.de\/wp-content\/uploads\/Technologie-Applikationszentrum_Wirebonding_01-768x512.jpg 768w, https:\/\/budatec.de\/wp-content\/uploads\/Technologie-Applikationszentrum_Wirebonding_01-18x12.jpg 18w\" sizes=\"(max-width: 1200px) 100vw, 1200px\" \/><\/figure><div class=\"elementor-image-box-content\"><p class=\"elementor-image-box-description\">Wire bonding<\/p><\/div><\/div>\t\t\t\t<\/div>\n\t\t\t\t<\/div>\n\t\t\t\t\t<\/div>\n\t\t<\/div>\n\t\t\t\t\t<\/div>\n\t\t<\/section>\n\t\t\t\t\t<\/div>\n\t\t<\/div>\n\t\t\t\t\t<\/div>\n\t\t<\/section>\n\t\t\t\t<\/div>","protected":false},"excerpt":{"rendered":"<p>Applikationszentrum In unserem Applikationszentrum k\u00f6nnen wir gemeinsam mit unseren Partnern eine Vielzahl von Technologien zum Einsatz bringen. Dadurch sind wir in der Lage, Kundenapplikationen von einfachen Vakuuml\u00f6tungen bis hin zum Kompletten Modulaufbau zu entwickeln bzw. umzusetzen. Auch der Aufbau Klein- bzw. Vorserien gesinterter und\/oder gel\u00f6teter Module ist m\u00f6glich. Pastendruck Pastentrocknung Bonding Sintern Vakuum l\u00f6ten Wire [&hellip;]<\/p>\n","protected":false},"author":2,"featured_media":0,"parent":0,"menu_order":0,"comment_status":"closed","ping_status":"closed","template":"","meta":{"site-sidebar-layout":"no-sidebar","site-content-layout":"page-builder","ast-site-content-layout":"default","site-content-style":"default","site-sidebar-style":"default","ast-global-header-display":"","ast-banner-title-visibility":"","ast-main-header-display":"","ast-hfb-above-header-display":"","ast-hfb-below-header-display":"","ast-hfb-mobile-header-display":"","site-post-title":"disabled","ast-breadcrumbs-content":"","ast-featured-img":"disabled","footer-sml-layout":"","ast-disable-related-posts":"","theme-transparent-header-meta":"default","adv-header-id-meta":"","stick-header-meta":"","header-above-stick-meta":"","header-main-stick-meta":"","header-below-stick-meta":"","astra-migrate-meta-layouts":"default","ast-page-background-enabled":"default","ast-page-background-meta":{"desktop":{"background-color":"","background-image":"","background-repeat":"repeat","background-position":"center center","background-size":"auto","background-attachment":"scroll","background-type":"","background-media":"","overlay-type":"","overlay-color":"","overlay-opacity":"","overlay-gradient":""},"tablet":{"background-color":"","background-image":"","background-repeat":"repeat","background-position":"center center","background-size":"auto","background-attachment":"scroll","background-type":"","background-media":"","overlay-type":"","overlay-color":"","overlay-opacity":"","overlay-gradient":""},"mobile":{"background-color":"","background-image":"","background-repeat":"repeat","background-position":"center center","background-size":"auto","background-attachment":"scroll","background-type":"","background-media":"","overlay-type":"","overlay-color":"","overlay-opacity":"","overlay-gradient":""}},"ast-content-background-meta":{"desktop":{"background-color":"var(--ast-global-color-5)","background-image":"","background-repeat":"repeat","background-position":"center center","background-size":"auto","background-attachment":"scroll","background-type":"","background-media":"","overlay-type":"","overlay-color":"","overlay-opacity":"","overlay-gradient":""},"tablet":{"background-color":"var(--ast-global-color-5)","background-image":"","background-repeat":"repeat","background-position":"center center","background-size":"auto","background-attachment":"scroll","background-type":"","background-media":"","overlay-type":"","overlay-color":"","overlay-opacity":"","overlay-gradient":""},"mobile":{"background-color":"var(--ast-global-color-5)","background-image":"","background-repeat":"repeat","background-position":"center center","background-size":"auto","background-attachment":"scroll","background-type":"","background-media":"","overlay-type":"","overlay-color":"","overlay-opacity":"","overlay-gradient":""}},"footnotes":"","_wp_rev_ctl_limit":""},"class_list":["post-7015","page","type-page","status-publish","hentry"],"_links":{"self":[{"href":"https:\/\/budatec.de\/en\/wp-json\/wp\/v2\/pages\/7015","targetHints":{"allow":["GET"]}}],"collection":[{"href":"https:\/\/budatec.de\/en\/wp-json\/wp\/v2\/pages"}],"about":[{"href":"https:\/\/budatec.de\/en\/wp-json\/wp\/v2\/types\/page"}],"author":[{"embeddable":true,"href":"https:\/\/budatec.de\/en\/wp-json\/wp\/v2\/users\/2"}],"replies":[{"embeddable":true,"href":"https:\/\/budatec.de\/en\/wp-json\/wp\/v2\/comments?post=7015"}],"version-history":[{"count":4,"href":"https:\/\/budatec.de\/en\/wp-json\/wp\/v2\/pages\/7015\/revisions"}],"predecessor-version":[{"id":11545,"href":"https:\/\/budatec.de\/en\/wp-json\/wp\/v2\/pages\/7015\/revisions\/11545"}],"wp:attachment":[{"href":"https:\/\/budatec.de\/en\/wp-json\/wp\/v2\/media?parent=7015"}],"curies":[{"name":"wp","href":"https:\/\/api.w.org\/{rel}","templated":true}]}}