{"id":7011,"date":"2021-05-04T10:52:13","date_gmt":"2021-05-04T08:52:13","guid":{"rendered":"https:\/\/budatec.de\/?page_id=7011"},"modified":"2025-12-08T17:18:55","modified_gmt":"2025-12-08T16:18:55","slug":"plasma","status":"publish","type":"page","link":"https:\/\/budatec.de\/en\/plasma\/","title":{"rendered":"Plasma"},"content":{"rendered":"<div data-elementor-type=\"wp-page\" data-elementor-id=\"7011\" class=\"elementor elementor-7011\">\n\t\t\t\t\t\t<section class=\"elementor-section elementor-top-section elementor-element elementor-element-1bb6a5f elementor-section-boxed elementor-section-height-default elementor-section-height-default\" data-id=\"1bb6a5f\" data-element_type=\"section\" data-e-type=\"section\" data-settings=\"{&quot;background_background&quot;:&quot;classic&quot;}\">\n\t\t\t\t\t\t<div class=\"elementor-container elementor-column-gap-default\">\n\t\t\t\t\t<div class=\"elementor-column elementor-col-50 elementor-top-column elementor-element elementor-element-07aa038 elementor-hidden-mobile\" data-id=\"07aa038\" data-element_type=\"column\" data-e-type=\"column\" data-settings=\"{&quot;background_background&quot;:&quot;classic&quot;}\">\n\t\t\t<div class=\"elementor-widget-wrap elementor-element-populated\">\n\t\t\t\t\t\t<div class=\"elementor-element elementor-element-e57c7c6 elementor-widget elementor-widget-image\" data-id=\"e57c7c6\" data-element_type=\"widget\" data-e-type=\"widget\" data-widget_type=\"image.default\">\n\t\t\t\t<div class=\"elementor-widget-container\">\n\t\t\t\t\t\t\t\t\t\t\t\t\t\t\t<img fetchpriority=\"high\" decoding=\"async\" width=\"500\" height=\"744\" src=\"https:\/\/budatec.de\/wp-content\/uploads\/Waben_02.png\" class=\"attachment-full size-full wp-image-10696\" alt=\"\" srcset=\"https:\/\/budatec.de\/wp-content\/uploads\/Waben_02.png 500w, https:\/\/budatec.de\/wp-content\/uploads\/Waben_02-202x300.png 202w, https:\/\/budatec.de\/wp-content\/uploads\/Waben_02-8x12.png 8w\" sizes=\"(max-width: 500px) 100vw, 500px\" \/>\t\t\t\t\t\t\t\t\t\t\t\t\t\t\t<\/div>\n\t\t\t\t<\/div>\n\t\t\t\t\t<\/div>\n\t\t<\/div>\n\t\t\t\t<div class=\"elementor-column elementor-col-50 elementor-top-column elementor-element elementor-element-1cf4269\" data-id=\"1cf4269\" data-element_type=\"column\" data-e-type=\"column\" data-settings=\"{&quot;background_background&quot;:&quot;classic&quot;}\">\n\t\t\t<div class=\"elementor-widget-wrap elementor-element-populated\">\n\t\t\t\t\t\t<div class=\"elementor-element elementor-element-f10de3c elementor-widget elementor-widget-heading\" data-id=\"f10de3c\" data-element_type=\"widget\" data-e-type=\"widget\" data-widget_type=\"heading.default\">\n\t\t\t\t<div class=\"elementor-widget-container\">\n\t\t\t\t\t<h2 class=\"elementor-heading-title elementor-size-default\">Plasma<\/h2>\t\t\t\t<\/div>\n\t\t\t\t<\/div>\n\t\t\t\t<div class=\"elementor-element elementor-element-2405637 elementor-widget elementor-widget-text-editor\" data-id=\"2405637\" data-element_type=\"widget\" data-e-type=\"widget\" data-widget_type=\"text-editor.default\">\n\t\t\t\t<div class=\"elementor-widget-container\">\n\t\t\t\t\t\t\t\t\t<p>In the process chamber of the soldering systems, a plasma atmosphere is used to significantly improve the wettability of the components and substrate materials. Passive layers on the connections, which hinder or preclude wetting with liquid solder, can also be reduced.<\/p><p>With the aid of plasma soldering, a significant improvement in solder bonding can be achieved, leading to an increase in process yield and reliability. The use of plasma also reduces thermal stresses on the components, which contributes to an improvement in life time of the components.<\/p>\t\t\t\t\t\t\t\t<\/div>\n\t\t\t\t<\/div>\n\t\t\t\t<section class=\"elementor-section elementor-inner-section elementor-element elementor-element-0f16be5 elementor-section-boxed elementor-section-height-default elementor-section-height-default\" data-id=\"0f16be5\" data-element_type=\"section\" data-e-type=\"section\">\n\t\t\t\t\t\t<div class=\"elementor-container elementor-column-gap-default\">\n\t\t\t\t\t<div class=\"elementor-column elementor-col-50 elementor-inner-column elementor-element elementor-element-fca71f9\" data-id=\"fca71f9\" data-element_type=\"column\" data-e-type=\"column\">\n\t\t\t<div class=\"elementor-widget-wrap elementor-element-populated\">\n\t\t\t\t\t\t<div class=\"elementor-element elementor-element-cdf0406 elementor-widget elementor-widget-image\" data-id=\"cdf0406\" data-element_type=\"widget\" data-e-type=\"widget\" data-widget_type=\"image.default\">\n\t\t\t\t<div class=\"elementor-widget-container\">\n\t\t\t\t\t\t\t\t\t\t\t\t\t\t\t<img decoding=\"async\" width=\"1200\" height=\"800\" src=\"https:\/\/budatec.de\/wp-content\/uploads\/Technologie-Plasma_Plasma_01.jpg\" class=\"attachment-full size-full wp-image-9656\" alt=\"\" srcset=\"https:\/\/budatec.de\/wp-content\/uploads\/Technologie-Plasma_Plasma_01.jpg 1200w, https:\/\/budatec.de\/wp-content\/uploads\/Technologie-Plasma_Plasma_01-300x200.jpg 300w, https:\/\/budatec.de\/wp-content\/uploads\/Technologie-Plasma_Plasma_01-1024x683.jpg 1024w, https:\/\/budatec.de\/wp-content\/uploads\/Technologie-Plasma_Plasma_01-768x512.jpg 768w, https:\/\/budatec.de\/wp-content\/uploads\/Technologie-Plasma_Plasma_01-18x12.jpg 18w\" sizes=\"(max-width: 1200px) 100vw, 1200px\" \/>\t\t\t\t\t\t\t\t\t\t\t\t\t\t\t<\/div>\n\t\t\t\t<\/div>\n\t\t\t\t\t<\/div>\n\t\t<\/div>\n\t\t\t\t<div class=\"elementor-column elementor-col-50 elementor-inner-column elementor-element elementor-element-c8338c0\" data-id=\"c8338c0\" data-element_type=\"column\" data-e-type=\"column\">\n\t\t\t<div class=\"elementor-widget-wrap\">\n\t\t\t\t\t\t\t<\/div>\n\t\t<\/div>\n\t\t\t\t\t<\/div>\n\t\t<\/section>\n\t\t\t\t\t<\/div>\n\t\t<\/div>\n\t\t\t\t\t<\/div>\n\t\t<\/section>\n\t\t\t\t<\/div>","protected":false},"excerpt":{"rendered":"<p>Plasma In der Prozesskammer der L\u00f6tanlagen wird mit Hilfe einer Plasma-Atmosph\u00e4re die Benetzbarkeit der Bauelemente- und Substrate ma\u00dfgeblich verbessert. Es k\u00f6nnen auch Passivschichten auf den Anschl\u00fcssen reduziert werden, die die Benetzung mit fl\u00fcssigem Lot behindern oder ausschlie\u00dfen. Mit Hilfe des Plasmal\u00f6tens l\u00e4sst sich eine signifikante Verbesserung des L\u00f6tverbundes erreichen, was zur steigenden Verfahrensausbeute und zur [&hellip;]<\/p>\n","protected":false},"author":2,"featured_media":0,"parent":0,"menu_order":0,"comment_status":"closed","ping_status":"closed","template":"","meta":{"site-sidebar-layout":"no-sidebar","site-content-layout":"page-builder","ast-site-content-layout":"default","site-content-style":"default","site-sidebar-style":"default","ast-global-header-display":"","ast-banner-title-visibility":"","ast-main-header-display":"","ast-hfb-above-header-display":"","ast-hfb-below-header-display":"","ast-hfb-mobile-header-display":"","site-post-title":"disabled","ast-breadcrumbs-content":"","ast-featured-img":"disabled","footer-sml-layout":"","ast-disable-related-posts":"","theme-transparent-header-meta":"default","adv-header-id-meta":"","stick-header-meta":"","header-above-stick-meta":"","header-main-stick-meta":"","header-below-stick-meta":"","astra-migrate-meta-layouts":"default","ast-page-background-enabled":"default","ast-page-background-meta":{"desktop":{"background-color":"","background-image":"","background-repeat":"repeat","background-position":"center center","background-size":"auto","background-attachment":"scroll","background-type":"","background-media":"","overlay-type":"","overlay-color":"","overlay-opacity":"","overlay-gradient":""},"tablet":{"background-color":"","background-image":"","background-repeat":"repeat","background-position":"center center","background-size":"auto","background-attachment":"scroll","background-type":"","background-media":"","overlay-type":"","overlay-color":"","overlay-opacity":"","overlay-gradient":""},"mobile":{"background-color":"","background-image":"","background-repeat":"repeat","background-position":"center center","background-size":"auto","background-attachment":"scroll","background-type":"","background-media":"","overlay-type":"","overlay-color":"","overlay-opacity":"","overlay-gradient":""}},"ast-content-background-meta":{"desktop":{"background-color":"var(--ast-global-color-5)","background-image":"","background-repeat":"repeat","background-position":"center center","background-size":"auto","background-attachment":"scroll","background-type":"","background-media":"","overlay-type":"","overlay-color":"","overlay-opacity":"","overlay-gradient":""},"tablet":{"background-color":"var(--ast-global-color-5)","background-image":"","background-repeat":"repeat","background-position":"center center","background-size":"auto","background-attachment":"scroll","background-type":"","background-media":"","overlay-type":"","overlay-color":"","overlay-opacity":"","overlay-gradient":""},"mobile":{"background-color":"var(--ast-global-color-5)","background-image":"","background-repeat":"repeat","background-position":"center center","background-size":"auto","background-attachment":"scroll","background-type":"","background-media":"","overlay-type":"","overlay-color":"","overlay-opacity":"","overlay-gradient":""}},"footnotes":"","_wp_rev_ctl_limit":""},"class_list":["post-7011","page","type-page","status-publish","hentry"],"_links":{"self":[{"href":"https:\/\/budatec.de\/en\/wp-json\/wp\/v2\/pages\/7011","targetHints":{"allow":["GET"]}}],"collection":[{"href":"https:\/\/budatec.de\/en\/wp-json\/wp\/v2\/pages"}],"about":[{"href":"https:\/\/budatec.de\/en\/wp-json\/wp\/v2\/types\/page"}],"author":[{"embeddable":true,"href":"https:\/\/budatec.de\/en\/wp-json\/wp\/v2\/users\/2"}],"replies":[{"embeddable":true,"href":"https:\/\/budatec.de\/en\/wp-json\/wp\/v2\/comments?post=7011"}],"version-history":[{"count":5,"href":"https:\/\/budatec.de\/en\/wp-json\/wp\/v2\/pages\/7011\/revisions"}],"predecessor-version":[{"id":12820,"href":"https:\/\/budatec.de\/en\/wp-json\/wp\/v2\/pages\/7011\/revisions\/12820"}],"wp:attachment":[{"href":"https:\/\/budatec.de\/en\/wp-json\/wp\/v2\/media?parent=7011"}],"curies":[{"name":"wp","href":"https:\/\/api.w.org\/{rel}","templated":true}]}}