{"id":7007,"date":"2021-05-04T10:50:19","date_gmt":"2021-05-04T08:50:19","guid":{"rendered":"https:\/\/budatec.de\/?page_id=7007"},"modified":"2025-01-21T18:15:15","modified_gmt":"2025-01-21T17:15:15","slug":"career","status":"publish","type":"page","link":"https:\/\/budatec.de\/en\/career\/","title":{"rendered":"Career"},"content":{"rendered":"<div data-elementor-type=\"wp-page\" data-elementor-id=\"7007\" class=\"elementor elementor-7007\">\n\t\t\t\t\t\t<section class=\"elementor-section elementor-top-section elementor-element elementor-element-6da643a elementor-section-content-top elementor-section-boxed elementor-section-height-default elementor-section-height-default\" data-id=\"6da643a\" data-element_type=\"section\" data-e-type=\"section\" data-settings=\"{&quot;background_background&quot;:&quot;classic&quot;}\">\n\t\t\t\t\t\t<div class=\"elementor-container elementor-column-gap-default\">\n\t\t\t\t\t<div class=\"elementor-column elementor-col-33 elementor-top-column elementor-element elementor-element-b97fab8 elementor-hidden-mobile\" data-id=\"b97fab8\" data-element_type=\"column\" data-e-type=\"column\" data-settings=\"{&quot;background_background&quot;:&quot;classic&quot;}\">\n\t\t\t<div class=\"elementor-widget-wrap elementor-element-populated\">\n\t\t\t\t\t\t<div class=\"elementor-element elementor-element-fd52683 elementor-widget elementor-widget-image\" data-id=\"fd52683\" data-element_type=\"widget\" data-e-type=\"widget\" data-widget_type=\"image.default\">\n\t\t\t\t<div class=\"elementor-widget-container\">\n\t\t\t\t\t\t\t\t\t\t\t\t\t\t\t<img fetchpriority=\"high\" decoding=\"async\" width=\"500\" height=\"744\" src=\"https:\/\/budatec.de\/wp-content\/uploads\/Waben_02.png\" class=\"attachment-full size-full wp-image-10696\" alt=\"\" srcset=\"https:\/\/budatec.de\/wp-content\/uploads\/Waben_02.png 500w, https:\/\/budatec.de\/wp-content\/uploads\/Waben_02-202x300.png 202w, https:\/\/budatec.de\/wp-content\/uploads\/Waben_02-8x12.png 8w\" sizes=\"(max-width: 500px) 100vw, 500px\" \/>\t\t\t\t\t\t\t\t\t\t\t\t\t\t\t<\/div>\n\t\t\t\t<\/div>\n\t\t\t\t\t<\/div>\n\t\t<\/div>\n\t\t\t\t<div class=\"elementor-column elementor-col-33 elementor-top-column elementor-element elementor-element-7c7fdb7\" data-id=\"7c7fdb7\" data-element_type=\"column\" data-e-type=\"column\" data-settings=\"{&quot;background_background&quot;:&quot;classic&quot;}\">\n\t\t\t<div class=\"elementor-widget-wrap elementor-element-populated\">\n\t\t\t\t\t\t<div class=\"elementor-element elementor-element-7068bce elementor-widget elementor-widget-menu-anchor\" data-id=\"7068bce\" data-element_type=\"widget\" data-e-type=\"widget\" data-widget_type=\"menu-anchor.default\">\n\t\t\t\t<div class=\"elementor-widget-container\">\n\t\t\t\t\t\t\t<div class=\"elementor-menu-anchor\" id=\"GanzOben\"><\/div>\n\t\t\t\t\t\t<\/div>\n\t\t\t\t<\/div>\n\t\t\t\t<div class=\"elementor-element elementor-element-5f48bd7 elementor-widget elementor-widget-heading\" data-id=\"5f48bd7\" data-element_type=\"widget\" data-e-type=\"widget\" data-widget_type=\"heading.default\">\n\t\t\t\t<div class=\"elementor-widget-container\">\n\t\t\t\t\t<h2 class=\"elementor-heading-title elementor-size-default\">Career<\/h2>\t\t\t\t<\/div>\n\t\t\t\t<\/div>\n\t\t\t\t<div class=\"elementor-element elementor-element-afe833c elementor-widget elementor-widget-text-editor\" data-id=\"afe833c\" data-element_type=\"widget\" data-e-type=\"widget\" data-widget_type=\"text-editor.default\">\n\t\t\t\t<div class=\"elementor-widget-container\">\n\t\t\t\t\t\t\t\t\t<p style=\"text-align: left;\">We are looking to strengthen our team <strong>as of now<\/strong> committed employees (<strong>see below for details<\/strong>)<strong><br \/><\/strong><\/p><ul><li><strong>Electrician \/ Electronics technician \/ Mechatronics (m\/f\/d)<\/strong><\/li><\/ul>\t\t\t\t\t\t\t\t<\/div>\n\t\t\t\t<\/div>\n\t\t\t\t<div class=\"elementor-element elementor-element-1467c07 elementor-widget elementor-widget-text-editor\" data-id=\"1467c07\" data-element_type=\"widget\" data-e-type=\"widget\" data-widget_type=\"text-editor.default\">\n\t\t\t\t<div class=\"elementor-widget-container\">\n\t\t\t\t\t\t\t\t\t<p>The budatec GmbH is a plant manufacturer for the semiconductor and solar industry and based in Berlin. The main business areas are thermal systems as well as products and solutions for electronic manufacturing.\nThe main focus is on vacuum soldering systems and systems for sintering semiconductor chips. The product range extends from small batch systems to fully automated production systems.\nBudatec systems are used worldwide for the production of electronic and power electronic components, by automotive industry suppliers, in the manufacturing of lasers and in medical technology. In numerous research facilities, budatec systems are the basis for the implementation of new technologies.<\/p>\t\t\t\t\t\t\t\t<\/div>\n\t\t\t\t<\/div>\n\t\t\t\t<div class=\"elementor-element elementor-element-d8dafc1 elementor-widget elementor-widget-text-editor\" data-id=\"d8dafc1\" data-element_type=\"widget\" data-e-type=\"widget\" data-widget_type=\"text-editor.default\">\n\t\t\t\t<div class=\"elementor-widget-container\">\n\t\t\t\t\t\t\t\t\t<p><strong>We offer you:<\/strong><\/p><ul><li>comprehensive training in exciting tasks<\/li><li>short decision-making processes, flat hierarchies and an open corporate culture<\/li><li>highly motivated, committed colleagues and lots of fun at work<\/li><li>performance-related remuneration and punctual payment<\/li><li>flexible working hours from Monday to Friday<\/li><li>30 days vacation<\/li><li>modern workwear and professional tools<\/li><li>opportunities for further training<\/li><\/ul>\t\t\t\t\t\t\t\t<\/div>\n\t\t\t\t<\/div>\n\t\t\t\t<div class=\"elementor-element elementor-element-f620428 elementor-widget elementor-widget-text-editor\" data-id=\"f620428\" data-element_type=\"widget\" data-e-type=\"widget\" data-widget_type=\"text-editor.default\">\n\t\t\t\t<div class=\"elementor-widget-container\">\n\t\t\t\t\t\t\t\t\t<p><strong>Have we piqued your interest?<\/strong>\u00a0<br \/>\u00a0\u00a0\u00a0\u00a0\u00a0\u00a0\u00a0 Then send us your application still today by e-mail to <span style=\"text-decoration: underline;\"><a href=\"mailto:jobs@budatec.de\">jobs@budatec.de<\/a><\/span>.<\/p><p><strong>budatec GmbH<\/strong><br \/>Melli-Beese-Stra\u00dfe 28<br \/>12487 Berlin<br \/><span style=\"text-decoration: underline;\"><a href=\"https:\/\/budatec.de\/en\/\">https:\/\/www.budatec.de<\/a><\/span><\/p>\t\t\t\t\t\t\t\t<\/div>\n\t\t\t\t<\/div>\n\t\t\t\t<section class=\"elementor-section elementor-inner-section elementor-element elementor-element-9afab83 elementor-section-boxed elementor-section-height-default elementor-section-height-default\" data-id=\"9afab83\" data-element_type=\"section\" data-e-type=\"section\">\n\t\t\t\t\t\t<div class=\"elementor-container elementor-column-gap-default\">\n\t\t\t\t\t<div class=\"elementor-column elementor-col-100 elementor-inner-column elementor-element elementor-element-7155532\" data-id=\"7155532\" data-element_type=\"column\" data-e-type=\"column\">\n\t\t\t<div class=\"elementor-widget-wrap elementor-element-populated\">\n\t\t\t\t\t\t<div class=\"elementor-element elementor-element-b7d3b6f elementor-widget elementor-widget-heading\" data-id=\"b7d3b6f\" data-element_type=\"widget\" data-e-type=\"widget\" data-widget_type=\"heading.default\">\n\t\t\t\t<div class=\"elementor-widget-container\">\n\t\t\t\t\t<h2 class=\"elementor-heading-title elementor-size-default\">Electrician \/ Electronics technician \/ Mechatronics (m\/f\/d)<\/h2>\t\t\t\t<\/div>\n\t\t\t\t<\/div>\n\t\t\t\t<div class=\"elementor-element elementor-element-b53c8c7 elementor-widget elementor-widget-text-editor\" data-id=\"b53c8c7\" data-element_type=\"widget\" data-e-type=\"widget\" data-widget_type=\"text-editor.default\">\n\t\t\t\t<div class=\"elementor-widget-container\">\n\t\t\t\t\t\t\t\t\t<p>Your field of activity essentially comprises the installation, commissioning and all associated repairs and maintenance tasks on our systems. Direct customer contact to coordinate problems and service work at home and abroad is also part of the job.<\/p><p><strong>With these qualifications you will fit in perfectly with us:<\/strong><\/p><ul><li>Successfully completed training as an electrician, electronics technician, mechatronics technician or comparable qualification<\/li><li>Initial professional experience in field and office work<\/li><li>Independent and structured way of working<\/li><li>Confident dealing with customers on the phone<\/li><li>Customer orientation, ability to work in a team, organizational skills<\/li><\/ul><p><strong>Contact person<\/strong>: Marco Urban<\/p>\t\t\t\t\t\t\t\t<\/div>\n\t\t\t\t<\/div>\n\t\t\t\t\t<\/div>\n\t\t<\/div>\n\t\t\t\t\t<\/div>\n\t\t<\/section>\n\t\t\t\t<section class=\"elementor-section elementor-inner-section elementor-element elementor-element-c259f90 elementor-hidden-desktop elementor-hidden-tablet elementor-hidden-mobile elementor-section-boxed elementor-section-height-default elementor-section-height-default\" data-id=\"c259f90\" data-element_type=\"section\" data-e-type=\"section\">\n\t\t\t\t\t\t<div class=\"elementor-container elementor-column-gap-default\">\n\t\t\t\t\t<div class=\"elementor-column elementor-col-100 elementor-inner-column elementor-element elementor-element-bf1ebbc\" data-id=\"bf1ebbc\" data-element_type=\"column\" data-e-type=\"column\">\n\t\t\t<div class=\"elementor-widget-wrap elementor-element-populated\">\n\t\t\t\t\t\t<div class=\"elementor-element elementor-element-7da1b63 elementor-widget elementor-widget-heading\" data-id=\"7da1b63\" data-element_type=\"widget\" data-e-type=\"widget\" data-widget_type=\"heading.default\">\n\t\t\t\t<div class=\"elementor-widget-container\">\n\t\t\t\t\t<h2 class=\"elementor-heading-title elementor-size-default\">Mitarbeiter f\u00fcr unser Lager (m\/w\/d, Voll- oder Teilzeit)<\/h2>\t\t\t\t<\/div>\n\t\t\t\t<\/div>\n\t\t\t\t<div class=\"elementor-element elementor-element-db6a0a5 elementor-widget elementor-widget-text-editor\" data-id=\"db6a0a5\" data-element_type=\"widget\" data-e-type=\"widget\" data-widget_type=\"text-editor.default\">\n\t\t\t\t<div class=\"elementor-widget-container\">\n\t\t\t\t\t\t\t\t\t<p><strong>Zu Deinen Aufgaben geh\u00f6ren:<\/strong><\/p><ul><li>Abwicklung und elektronische Erfassung des Wareneingangs in Lexware<\/li><li>Lagerung der Artikel am richtigen Lagerort, u.a. im Paternoster<\/li><li>Aufrechterhaltung der Lagerorganisation durch regelm\u00e4\u00dfige Kontrolle des Lager-bestandes<\/li><li>Bereitstellung aller f\u00fcr den Aufbau einer neuen Anlage erforderlichen Artikel<\/li><li>Verpacken und Bereitstellen unserer Maschinen und -teile zum Versand<\/li><li>Unterst\u00fctzung bei der Inventur<\/li><\/ul><p><strong>Mit diesen Voraussetzungen passt Du perfekt zu uns:<\/strong><\/p><ul><li>gute Kenntnisse im Bereich Lagerwesen \/ Logistik<\/li><li>sicherer Umgang mit der EDV (Excel, Word), Kenntnisse in Lexware setzen wir nicht voraus<\/li><li>gute Deutsch-Kenntnisse in Wort und Schrift<\/li><li>selbst\u00e4ndige, eigenverantwortliche und strukturierte Arbeitsweise<\/li><li>Teamf\u00e4higkeit und Organisationsgeschick<\/li><\/ul><p><strong>Ansprechpartner<\/strong>: Alexander Dahlb\u00fcdding<\/p>\t\t\t\t\t\t\t\t<\/div>\n\t\t\t\t<\/div>\n\t\t\t\t\t<\/div>\n\t\t<\/div>\n\t\t\t\t\t<\/div>\n\t\t<\/section>\n\t\t\t\t<section class=\"elementor-section elementor-inner-section elementor-element elementor-element-f152023 elementor-hidden-desktop elementor-hidden-tablet elementor-hidden-mobile elementor-section-boxed elementor-section-height-default elementor-section-height-default\" data-id=\"f152023\" data-element_type=\"section\" data-e-type=\"section\">\n\t\t\t\t\t\t<div class=\"elementor-container elementor-column-gap-default\">\n\t\t\t\t\t<div class=\"elementor-column elementor-col-100 elementor-inner-column elementor-element elementor-element-db43b55\" data-id=\"db43b55\" data-element_type=\"column\" data-e-type=\"column\">\n\t\t\t<div class=\"elementor-widget-wrap elementor-element-populated\">\n\t\t\t\t\t\t<div class=\"elementor-element elementor-element-02e0e25 elementor-widget elementor-widget-heading\" data-id=\"02e0e25\" data-element_type=\"widget\" data-e-type=\"widget\" data-widget_type=\"heading.default\">\n\t\t\t\t<div class=\"elementor-widget-container\">\n\t\t\t\t\t<h2 class=\"elementor-heading-title elementor-size-default\">Mechatroniker (m\/w\/d)<\/h2>\t\t\t\t<\/div>\n\t\t\t\t<\/div>\n\t\t\t\t<div class=\"elementor-element elementor-element-71fd721 elementor-widget elementor-widget-text-editor\" data-id=\"71fd721\" data-element_type=\"widget\" data-e-type=\"widget\" data-widget_type=\"text-editor.default\">\n\t\t\t\t<div class=\"elementor-widget-container\">\n\t\t\t\t\t\t\t\t\t<p>Als Mechatroniker (m\/w\/d) umfasst Dein T\u00e4tigkeitsfeld im Wesentlichen den Aufbau, die Inbetriebnahme und alle damit verbundenen Reparaturen und Wartungsaufgaben an unseren Anlagen. Der direkte Kundenkontakt, um Probleme und Servicearbeiten im In- und Ausland zu koordinieren, geh\u00f6rt ebenso dazu.<\/p><p><b><br \/>Mit diesen Qualifikationen passt Du perfekt zu uns:<\/b><\/p><ul><li>erfolgreich abgeschlossene technische Ausbildung als Mechatroniker, Elektriker, Industriemechaniker oder Maschinenbau Techniker<\/li><li>erste Berufserfahrungen im Au\u00dfen- und Innendienst<\/li><li>selbst\u00e4ndige und strukturierte Arbeitsweise<\/li><li>sicherer Umgang mit Kunden am Telefon<\/li><li>Kundenorientierung, Teamf\u00e4higkeit, Organisationsgeschick<\/li><\/ul>\t\t\t\t\t\t\t\t<\/div>\n\t\t\t\t<\/div>\n\t\t\t\t\t<\/div>\n\t\t<\/div>\n\t\t\t\t\t<\/div>\n\t\t<\/section>\n\t\t\t\t\t<\/div>\n\t\t<\/div>\n\t\t\t\t<div class=\"elementor-column elementor-col-33 elementor-top-column elementor-element elementor-element-11f8464 elementor-hidden-tablet elementor-hidden-mobile\" data-id=\"11f8464\" data-element_type=\"column\" data-e-type=\"column\">\n\t\t\t<div class=\"elementor-widget-wrap elementor-element-populated\">\n\t\t\t\t\t\t<div class=\"elementor-element elementor-element-7b8a943 elementor-widget__width-auto elementor-fixed elementor-view-default elementor-widget elementor-widget-icon\" data-id=\"7b8a943\" data-element_type=\"widget\" data-e-type=\"widget\" data-settings=\"{&quot;_position&quot;:&quot;fixed&quot;}\" data-widget_type=\"icon.default\">\n\t\t\t\t<div class=\"elementor-widget-container\">\n\t\t\t\t\t\t\t<div class=\"elementor-icon-wrapper\">\n\t\t\t<a class=\"elementor-icon\" href=\"#GanzOben\">\n\t\t\t<i aria-hidden=\"true\" class=\"fas fa-arrow-alt-circle-up\"><\/i>\t\t\t<\/a>\n\t\t<\/div>\n\t\t\t\t\t\t<\/div>\n\t\t\t\t<\/div>\n\t\t\t\t\t<\/div>\n\t\t<\/div>\n\t\t\t\t\t<\/div>\n\t\t<\/section>\n\t\t\t\t<\/div>","protected":false},"excerpt":{"rendered":"<p>Karriere Wir suchen zur Verst\u00e4rkung unseres Teams ab sofort engagierte Mitarbeiter (Details siehe unten) Elektriker \/ Elektroniker \/ Mechatroniker (m\/w\/d) Die budatec GmbH ist Anlagenhersteller f\u00fcr die Halbleiter- und Solarindustrie mit Sitz in Berlin Adlershof. Hauptgesch\u00e4ftsfelder sind thermische Systeme und Produkte rund um die Elektronikfertigung. Schwerpunkte dabei sind Vakuuml\u00f6tsysteme, angefangen von kleinen Batch-Anlagen bis hin [&hellip;]<\/p>\n","protected":false},"author":2,"featured_media":0,"parent":0,"menu_order":0,"comment_status":"closed","ping_status":"closed","template":"","meta":{"site-sidebar-layout":"no-sidebar","site-content-layout":"page-builder","ast-site-content-layout":"default","site-content-style":"default","site-sidebar-style":"default","ast-global-header-display":"","ast-banner-title-visibility":"","ast-main-header-display":"","ast-hfb-above-header-display":"","ast-hfb-below-header-display":"","ast-hfb-mobile-header-display":"","site-post-title":"disabled","ast-breadcrumbs-content":"","ast-featured-img":"disabled","footer-sml-layout":"","ast-disable-related-posts":"","theme-transparent-header-meta":"default","adv-header-id-meta":"","stick-header-meta":"","header-above-stick-meta":"","header-main-stick-meta":"","header-below-stick-meta":"","astra-migrate-meta-layouts":"default","ast-page-background-enabled":"default","ast-page-background-meta":{"desktop":{"background-color":"","background-image":"","background-repeat":"repeat","background-position":"center center","background-size":"auto","background-attachment":"scroll","background-type":"","background-media":"","overlay-type":"","overlay-color":"","overlay-opacity":"","overlay-gradient":""},"tablet":{"background-color":"","background-image":"","background-repeat":"repeat","background-position":"center center","background-size":"auto","background-attachment":"scroll","background-type":"","background-media":"","overlay-type":"","overlay-color":"","overlay-opacity":"","overlay-gradient":""},"mobile":{"background-color":"","background-image":"","background-repeat":"repeat","background-position":"center center","background-size":"auto","background-attachment":"scroll","background-type":"","background-media":"","overlay-type":"","overlay-color":"","overlay-opacity":"","overlay-gradient":""}},"ast-content-background-meta":{"desktop":{"background-color":"var(--ast-global-color-5)","background-image":"","background-repeat":"repeat","background-position":"center center","background-size":"auto","background-attachment":"scroll","background-type":"","background-media":"","overlay-type":"","overlay-color":"","overlay-opacity":"","overlay-gradient":""},"tablet":{"background-color":"var(--ast-global-color-5)","background-image":"","background-repeat":"repeat","background-position":"center center","background-size":"auto","background-attachment":"scroll","background-type":"","background-media":"","overlay-type":"","overlay-color":"","overlay-opacity":"","overlay-gradient":""},"mobile":{"background-color":"var(--ast-global-color-5)","background-image":"","background-repeat":"repeat","background-position":"center center","background-size":"auto","background-attachment":"scroll","background-type":"","background-media":"","overlay-type":"","overlay-color":"","overlay-opacity":"","overlay-gradient":""}},"footnotes":"","_wp_rev_ctl_limit":""},"class_list":["post-7007","page","type-page","status-publish","hentry"],"_links":{"self":[{"href":"https:\/\/budatec.de\/en\/wp-json\/wp\/v2\/pages\/7007","targetHints":{"allow":["GET"]}}],"collection":[{"href":"https:\/\/budatec.de\/en\/wp-json\/wp\/v2\/pages"}],"about":[{"href":"https:\/\/budatec.de\/en\/wp-json\/wp\/v2\/types\/page"}],"author":[{"embeddable":true,"href":"https:\/\/budatec.de\/en\/wp-json\/wp\/v2\/users\/2"}],"replies":[{"embeddable":true,"href":"https:\/\/budatec.de\/en\/wp-json\/wp\/v2\/comments?post=7007"}],"version-history":[{"count":4,"href":"https:\/\/budatec.de\/en\/wp-json\/wp\/v2\/pages\/7007\/revisions"}],"predecessor-version":[{"id":12521,"href":"https:\/\/budatec.de\/en\/wp-json\/wp\/v2\/pages\/7007\/revisions\/12521"}],"wp:attachment":[{"href":"https:\/\/budatec.de\/en\/wp-json\/wp\/v2\/media?parent=7007"}],"curies":[{"name":"wp","href":"https:\/\/api.w.org\/{rel}","templated":true}]}}