{"id":2752,"date":"2021-02-17T20:02:06","date_gmt":"2021-02-17T19:02:06","guid":{"rendered":"https:\/\/budatec.de\/?page_id=2752"},"modified":"2025-12-08T17:18:45","modified_gmt":"2025-12-08T16:18:45","slug":"technology_applikations","status":"publish","type":"page","link":"https:\/\/budatec.de\/en\/technology_applikations\/","title":{"rendered":"Technologie+Applikationen"},"content":{"rendered":"<div data-elementor-type=\"wp-page\" data-elementor-id=\"2752\" class=\"elementor elementor-2752\">\n\t\t\t\t\t\t<section class=\"elementor-section elementor-top-section elementor-element elementor-element-56ff23f elementor-section-boxed elementor-section-height-default elementor-section-height-default\" data-id=\"56ff23f\" data-element_type=\"section\" data-e-type=\"section\" data-settings=\"{&quot;background_background&quot;:&quot;classic&quot;}\">\n\t\t\t\t\t\t<div class=\"elementor-container elementor-column-gap-default\">\n\t\t\t\t\t<div class=\"elementor-column elementor-col-50 elementor-top-column elementor-element elementor-element-32f97fb elementor-hidden-mobile\" data-id=\"32f97fb\" data-element_type=\"column\" data-e-type=\"column\" data-settings=\"{&quot;background_background&quot;:&quot;classic&quot;}\">\n\t\t\t<div class=\"elementor-widget-wrap elementor-element-populated\">\n\t\t\t\t\t\t<div class=\"elementor-element elementor-element-d980c48 elementor-widget elementor-widget-image\" data-id=\"d980c48\" data-element_type=\"widget\" data-e-type=\"widget\" data-widget_type=\"image.default\">\n\t\t\t\t<div class=\"elementor-widget-container\">\n\t\t\t\t\t\t\t\t\t\t\t\t\t\t\t<img fetchpriority=\"high\" decoding=\"async\" width=\"500\" height=\"744\" src=\"https:\/\/budatec.de\/wp-content\/uploads\/Waben_02.png\" class=\"attachment-full size-full wp-image-10696\" alt=\"\" srcset=\"https:\/\/budatec.de\/wp-content\/uploads\/Waben_02.png 500w, https:\/\/budatec.de\/wp-content\/uploads\/Waben_02-202x300.png 202w, https:\/\/budatec.de\/wp-content\/uploads\/Waben_02-8x12.png 8w\" sizes=\"(max-width: 500px) 100vw, 500px\" \/>\t\t\t\t\t\t\t\t\t\t\t\t\t\t\t<\/div>\n\t\t\t\t<\/div>\n\t\t\t\t\t<\/div>\n\t\t<\/div>\n\t\t\t\t<div class=\"elementor-column elementor-col-50 elementor-top-column elementor-element elementor-element-7e062ae\" data-id=\"7e062ae\" data-element_type=\"column\" data-e-type=\"column\" data-settings=\"{&quot;background_background&quot;:&quot;classic&quot;}\">\n\t\t\t<div class=\"elementor-widget-wrap elementor-element-populated\">\n\t\t\t\t\t\t<div class=\"elementor-element elementor-element-cadbc32 elementor-widget elementor-widget-heading\" data-id=\"cadbc32\" data-element_type=\"widget\" data-e-type=\"widget\" data-widget_type=\"heading.default\">\n\t\t\t\t<div class=\"elementor-widget-container\">\n\t\t\t\t\t<h2 class=\"elementor-heading-title elementor-size-default\">Technology \/ Applications<\/h2>\t\t\t\t<\/div>\n\t\t\t\t<\/div>\n\t\t\t\t<section class=\"elementor-section elementor-inner-section elementor-element elementor-element-b97c2f1 elementor-section-boxed elementor-section-height-default elementor-section-height-default\" data-id=\"b97c2f1\" data-element_type=\"section\" data-e-type=\"section\">\n\t\t\t\t\t\t<div class=\"elementor-container elementor-column-gap-default\">\n\t\t\t\t\t<div class=\"elementor-column elementor-col-20 elementor-inner-column elementor-element elementor-element-196ed33\" data-id=\"196ed33\" data-element_type=\"column\" data-e-type=\"column\">\n\t\t\t<div class=\"elementor-widget-wrap elementor-element-populated\">\n\t\t\t\t\t\t<div class=\"elementor-element elementor-element-1cf71c6 elementor-position-top elementor-widget elementor-widget-image-box\" data-id=\"1cf71c6\" data-element_type=\"widget\" data-e-type=\"widget\" data-settings=\"{&quot;_animation&quot;:&quot;none&quot;}\" data-widget_type=\"image-box.default\">\n\t\t\t\t<div class=\"elementor-widget-container\">\n\t\t\t\t\t<div class=\"elementor-image-box-wrapper\"><figure class=\"elementor-image-box-img\"><a href=\"https:\/\/budatec.de\/en\/vacuum-soldering\/\" tabindex=\"-1\"><img decoding=\"async\" width=\"1200\" height=\"800\" src=\"https:\/\/budatec.de\/wp-content\/uploads\/Technologie_Vakuumloeten.jpg\" class=\"attachment-full size-full wp-image-9815\" alt=\"\" srcset=\"https:\/\/budatec.de\/wp-content\/uploads\/Technologie_Vakuumloeten.jpg 1200w, https:\/\/budatec.de\/wp-content\/uploads\/Technologie_Vakuumloeten-300x200.jpg 300w, https:\/\/budatec.de\/wp-content\/uploads\/Technologie_Vakuumloeten-1024x683.jpg 1024w, https:\/\/budatec.de\/wp-content\/uploads\/Technologie_Vakuumloeten-768x512.jpg 768w, https:\/\/budatec.de\/wp-content\/uploads\/Technologie_Vakuumloeten-18x12.jpg 18w\" sizes=\"(max-width: 1200px) 100vw, 1200px\" \/><\/a><\/figure><div class=\"elementor-image-box-content\"><h3 class=\"elementor-image-box-title\"><a href=\"https:\/\/budatec.de\/en\/vacuum-soldering\/\">Vacuum soldering<\/a><\/h3><\/div><\/div>\t\t\t\t<\/div>\n\t\t\t\t<\/div>\n\t\t\t\t\t<\/div>\n\t\t<\/div>\n\t\t\t\t<div class=\"elementor-column elementor-col-20 elementor-inner-column elementor-element elementor-element-a46d5f7\" data-id=\"a46d5f7\" data-element_type=\"column\" data-e-type=\"column\">\n\t\t\t<div class=\"elementor-widget-wrap elementor-element-populated\">\n\t\t\t\t\t\t<div class=\"elementor-element elementor-element-96aca83 elementor-position-top elementor-widget elementor-widget-image-box\" data-id=\"96aca83\" data-element_type=\"widget\" data-e-type=\"widget\" data-settings=\"{&quot;_animation&quot;:&quot;none&quot;}\" data-widget_type=\"image-box.default\">\n\t\t\t\t<div class=\"elementor-widget-container\">\n\t\t\t\t\t<div class=\"elementor-image-box-wrapper\"><figure class=\"elementor-image-box-img\"><a href=\"https:\/\/budatec.de\/en\/plasma\/\" tabindex=\"-1\"><img decoding=\"async\" width=\"1200\" height=\"800\" src=\"https:\/\/budatec.de\/wp-content\/uploads\/Technologie_Plasma.jpg\" class=\"attachment-full size-full wp-image-9816\" alt=\"\" srcset=\"https:\/\/budatec.de\/wp-content\/uploads\/Technologie_Plasma.jpg 1200w, https:\/\/budatec.de\/wp-content\/uploads\/Technologie_Plasma-300x200.jpg 300w, https:\/\/budatec.de\/wp-content\/uploads\/Technologie_Plasma-1024x683.jpg 1024w, https:\/\/budatec.de\/wp-content\/uploads\/Technologie_Plasma-768x512.jpg 768w, https:\/\/budatec.de\/wp-content\/uploads\/Technologie_Plasma-18x12.jpg 18w\" sizes=\"(max-width: 1200px) 100vw, 1200px\" \/><\/a><\/figure><div class=\"elementor-image-box-content\"><h3 class=\"elementor-image-box-title\"><a href=\"https:\/\/budatec.de\/en\/plasma\/\">Plasma<\/a><\/h3><\/div><\/div>\t\t\t\t<\/div>\n\t\t\t\t<\/div>\n\t\t\t\t\t<\/div>\n\t\t<\/div>\n\t\t\t\t<div class=\"elementor-column elementor-col-20 elementor-inner-column elementor-element elementor-element-2be1b92\" data-id=\"2be1b92\" data-element_type=\"column\" data-e-type=\"column\">\n\t\t\t<div class=\"elementor-widget-wrap elementor-element-populated\">\n\t\t\t\t\t\t<div class=\"elementor-element elementor-element-fe4f5bc elementor-position-top elementor-widget elementor-widget-image-box\" data-id=\"fe4f5bc\" data-element_type=\"widget\" data-e-type=\"widget\" data-settings=\"{&quot;_animation&quot;:&quot;none&quot;}\" data-widget_type=\"image-box.default\">\n\t\t\t\t<div class=\"elementor-widget-container\">\n\t\t\t\t\t<div class=\"elementor-image-box-wrapper\"><figure class=\"elementor-image-box-img\"><a href=\"https:\/\/budatec.de\/en\/sintering\/\" tabindex=\"-1\"><img loading=\"lazy\" decoding=\"async\" width=\"1200\" height=\"800\" src=\"https:\/\/budatec.de\/wp-content\/uploads\/Technologie_Sintern.jpg\" class=\"attachment-full size-full wp-image-9817\" alt=\"\" srcset=\"https:\/\/budatec.de\/wp-content\/uploads\/Technologie_Sintern.jpg 1200w, https:\/\/budatec.de\/wp-content\/uploads\/Technologie_Sintern-300x200.jpg 300w, https:\/\/budatec.de\/wp-content\/uploads\/Technologie_Sintern-1024x683.jpg 1024w, https:\/\/budatec.de\/wp-content\/uploads\/Technologie_Sintern-768x512.jpg 768w, https:\/\/budatec.de\/wp-content\/uploads\/Technologie_Sintern-18x12.jpg 18w\" sizes=\"(max-width: 1200px) 100vw, 1200px\" \/><\/a><\/figure><div class=\"elementor-image-box-content\"><h3 class=\"elementor-image-box-title\"><a href=\"https:\/\/budatec.de\/en\/sintering\/\">Sintering<\/a><\/h3><\/div><\/div>\t\t\t\t<\/div>\n\t\t\t\t<\/div>\n\t\t\t\t\t<\/div>\n\t\t<\/div>\n\t\t\t\t<div class=\"elementor-column elementor-col-20 elementor-inner-column elementor-element elementor-element-39d0d95\" data-id=\"39d0d95\" data-element_type=\"column\" data-e-type=\"column\">\n\t\t\t<div class=\"elementor-widget-wrap elementor-element-populated\">\n\t\t\t\t\t\t<div class=\"elementor-element elementor-element-e3ee170 elementor-position-top elementor-widget elementor-widget-image-box\" data-id=\"e3ee170\" data-element_type=\"widget\" data-e-type=\"widget\" data-settings=\"{&quot;_animation&quot;:&quot;none&quot;}\" data-widget_type=\"image-box.default\">\n\t\t\t\t<div class=\"elementor-widget-container\">\n\t\t\t\t\t<div class=\"elementor-image-box-wrapper\"><figure class=\"elementor-image-box-img\"><a href=\"https:\/\/budatec.de\/en\/applikation-center\/\" tabindex=\"-1\"><img loading=\"lazy\" decoding=\"async\" width=\"1200\" height=\"800\" src=\"https:\/\/budatec.de\/wp-content\/uploads\/Technologie_Applikationszentrum.jpg\" class=\"attachment-full size-full wp-image-9818\" alt=\"\" srcset=\"https:\/\/budatec.de\/wp-content\/uploads\/Technologie_Applikationszentrum.jpg 1200w, https:\/\/budatec.de\/wp-content\/uploads\/Technologie_Applikationszentrum-300x200.jpg 300w, https:\/\/budatec.de\/wp-content\/uploads\/Technologie_Applikationszentrum-1024x683.jpg 1024w, https:\/\/budatec.de\/wp-content\/uploads\/Technologie_Applikationszentrum-768x512.jpg 768w, https:\/\/budatec.de\/wp-content\/uploads\/Technologie_Applikationszentrum-18x12.jpg 18w\" sizes=\"(max-width: 1200px) 100vw, 1200px\" \/><\/a><\/figure><div class=\"elementor-image-box-content\"><h3 class=\"elementor-image-box-title\"><a href=\"https:\/\/budatec.de\/en\/applikation-center\/\">Application center<\/a><\/h3><\/div><\/div>\t\t\t\t<\/div>\n\t\t\t\t<\/div>\n\t\t\t\t\t<\/div>\n\t\t<\/div>\n\t\t\t\t<div class=\"elementor-column elementor-col-20 elementor-inner-column elementor-element elementor-element-8545ce7\" data-id=\"8545ce7\" data-element_type=\"column\" data-e-type=\"column\">\n\t\t\t<div class=\"elementor-widget-wrap\">\n\t\t\t\t\t\t\t<\/div>\n\t\t<\/div>\n\t\t\t\t\t<\/div>\n\t\t<\/section>\n\t\t\t\t<div class=\"elementor-element elementor-element-de57786 elementor-widget elementor-widget-text-editor\" data-id=\"de57786\" data-element_type=\"widget\" data-e-type=\"widget\" data-widget_type=\"text-editor.default\">\n\t\t\t\t<div class=\"elementor-widget-container\">\n\t\t\t\t\t\t\t\t\t<p style=\"text-align: left;\">As an equipment manufacturer for the semiconductor industry, budatec GmbH has established itself as one of the world's leading manufacturers in the fields of vacuum soldering and sintering of semiconductors. Learn more about the technologies that are implemented with the help of our systems.<\/p><p style=\"text-align: left;\">An application center is available for the production of sample assemblies and also small or pre-series.<\/p>\t\t\t\t\t\t\t\t<\/div>\n\t\t\t\t<\/div>\n\t\t\t\t\t<\/div>\n\t\t<\/div>\n\t\t\t\t\t<\/div>\n\t\t<\/section>\n\t\t\t\t<\/div>","protected":false},"excerpt":{"rendered":"<p>Technologie \/ Applikationen Vakuum l\u00f6ten Plasma Sintern Applikationszentrum Als Equipmenthersteller f\u00fcr die Halbleiterindustrie hat sich die budatec GmbH zu einem der weltweit f\u00fchrenden Hersteller in den Bereichen Vakuuml\u00f6ten und Sintern von Halbleitern etabliert. Erfahren Sie mehr \u00fcber die Technologien die mit Hilfe unserer Systeme umgesetzt werden. F\u00fcr die Fertigung von Musteraufbauten und auch Klein- bzw. [&hellip;]<\/p>\n","protected":false},"author":2,"featured_media":0,"parent":0,"menu_order":0,"comment_status":"closed","ping_status":"closed","template":"","meta":{"site-sidebar-layout":"default","site-content-layout":"default","ast-site-content-layout":"default","site-content-style":"default","site-sidebar-style":"default","ast-global-header-display":"","ast-banner-title-visibility":"","ast-main-header-display":"","ast-hfb-above-header-display":"","ast-hfb-below-header-display":"","ast-hfb-mobile-header-display":"","site-post-title":"disabled","ast-breadcrumbs-content":"","ast-featured-img":"","footer-sml-layout":"","ast-disable-related-posts":"","theme-transparent-header-meta":"default","adv-header-id-meta":"","stick-header-meta":"","header-above-stick-meta":"","header-main-stick-meta":"","header-below-stick-meta":"","astra-migrate-meta-layouts":"default","ast-page-background-enabled":"default","ast-page-background-meta":{"desktop":{"background-color":"","background-image":"","background-repeat":"repeat","background-position":"center center","background-size":"auto","background-attachment":"scroll","background-type":"","background-media":"","overlay-type":"","overlay-color":"","overlay-opacity":"","overlay-gradient":""},"tablet":{"background-color":"","background-image":"","background-repeat":"repeat","background-position":"center center","background-size":"auto","background-attachment":"scroll","background-type":"","background-media":"","overlay-type":"","overlay-color":"","overlay-opacity":"","overlay-gradient":""},"mobile":{"background-color":"","background-image":"","background-repeat":"repeat","background-position":"center center","background-size":"auto","background-attachment":"scroll","background-type":"","background-media":"","overlay-type":"","overlay-color":"","overlay-opacity":"","overlay-gradient":""}},"ast-content-background-meta":{"desktop":{"background-color":"var(--ast-global-color-5)","background-image":"","background-repeat":"repeat","background-position":"center center","background-size":"auto","background-attachment":"scroll","background-type":"","background-media":"","overlay-type":"","overlay-color":"","overlay-opacity":"","overlay-gradient":""},"tablet":{"background-color":"var(--ast-global-color-5)","background-image":"","background-repeat":"repeat","background-position":"center center","background-size":"auto","background-attachment":"scroll","background-type":"","background-media":"","overlay-type":"","overlay-color":"","overlay-opacity":"","overlay-gradient":""},"mobile":{"background-color":"var(--ast-global-color-5)","background-image":"","background-repeat":"repeat","background-position":"center center","background-size":"auto","background-attachment":"scroll","background-type":"","background-media":"","overlay-type":"","overlay-color":"","overlay-opacity":"","overlay-gradient":""}},"footnotes":"","_wp_rev_ctl_limit":""},"class_list":["post-2752","page","type-page","status-publish","hentry"],"_links":{"self":[{"href":"https:\/\/budatec.de\/en\/wp-json\/wp\/v2\/pages\/2752","targetHints":{"allow":["GET"]}}],"collection":[{"href":"https:\/\/budatec.de\/en\/wp-json\/wp\/v2\/pages"}],"about":[{"href":"https:\/\/budatec.de\/en\/wp-json\/wp\/v2\/types\/page"}],"author":[{"embeddable":true,"href":"https:\/\/budatec.de\/en\/wp-json\/wp\/v2\/users\/2"}],"replies":[{"embeddable":true,"href":"https:\/\/budatec.de\/en\/wp-json\/wp\/v2\/comments?post=2752"}],"version-history":[{"count":5,"href":"https:\/\/budatec.de\/en\/wp-json\/wp\/v2\/pages\/2752\/revisions"}],"predecessor-version":[{"id":12821,"href":"https:\/\/budatec.de\/en\/wp-json\/wp\/v2\/pages\/2752\/revisions\/12821"}],"wp:attachment":[{"href":"https:\/\/budatec.de\/en\/wp-json\/wp\/v2\/media?parent=2752"}],"curies":[{"name":"wp","href":"https:\/\/api.w.org\/{rel}","templated":true}]}}