{"id":2726,"date":"2021-02-17T19:50:30","date_gmt":"2021-02-17T18:50:30","guid":{"rendered":"https:\/\/budatec.de\/?page_id=2726"},"modified":"2022-05-23T10:35:51","modified_gmt":"2022-05-23T08:35:51","slug":"imprint","status":"publish","type":"page","link":"https:\/\/budatec.de\/en\/imprint\/","title":{"rendered":"Imprint"},"content":{"rendered":"<div data-elementor-type=\"wp-page\" data-elementor-id=\"2726\" class=\"elementor elementor-2726\">\n\t\t\t\t\t\t<section class=\"elementor-section elementor-top-section elementor-element elementor-element-231699d elementor-section-content-top elementor-section-boxed elementor-section-height-default elementor-section-height-default\" data-id=\"231699d\" data-element_type=\"section\" data-e-type=\"section\" data-settings=\"{&quot;background_background&quot;:&quot;classic&quot;}\">\n\t\t\t\t\t\t<div class=\"elementor-container elementor-column-gap-default\">\n\t\t\t\t\t<div class=\"elementor-column elementor-col-50 elementor-top-column elementor-element elementor-element-92cfe68 elementor-hidden-mobile\" data-id=\"92cfe68\" data-element_type=\"column\" data-e-type=\"column\" data-settings=\"{&quot;background_background&quot;:&quot;classic&quot;}\">\n\t\t\t<div class=\"elementor-widget-wrap elementor-element-populated\">\n\t\t\t\t\t\t<div class=\"elementor-element elementor-element-ce9b5e3 elementor-widget elementor-widget-image\" data-id=\"ce9b5e3\" data-element_type=\"widget\" data-e-type=\"widget\" data-widget_type=\"image.default\">\n\t\t\t\t<div class=\"elementor-widget-container\">\n\t\t\t\t\t\t\t\t\t\t\t\t\t\t\t<img fetchpriority=\"high\" decoding=\"async\" width=\"500\" height=\"744\" src=\"https:\/\/budatec.de\/wp-content\/uploads\/Waben_02.png\" class=\"attachment-full size-full wp-image-10696\" alt=\"\" srcset=\"https:\/\/budatec.de\/wp-content\/uploads\/Waben_02.png 500w, https:\/\/budatec.de\/wp-content\/uploads\/Waben_02-202x300.png 202w, https:\/\/budatec.de\/wp-content\/uploads\/Waben_02-8x12.png 8w\" sizes=\"(max-width: 500px) 100vw, 500px\" \/>\t\t\t\t\t\t\t\t\t\t\t\t\t\t\t<\/div>\n\t\t\t\t<\/div>\n\t\t\t\t\t<\/div>\n\t\t<\/div>\n\t\t\t\t<div class=\"elementor-column elementor-col-50 elementor-top-column elementor-element elementor-element-49689d5\" data-id=\"49689d5\" data-element_type=\"column\" data-e-type=\"column\" data-settings=\"{&quot;background_background&quot;:&quot;classic&quot;}\">\n\t\t\t<div class=\"elementor-widget-wrap elementor-element-populated\">\n\t\t\t\t\t\t<div class=\"elementor-element elementor-element-9bc6ee3 elementor-widget elementor-widget-heading\" data-id=\"9bc6ee3\" data-element_type=\"widget\" data-e-type=\"widget\" data-widget_type=\"heading.default\">\n\t\t\t\t<div class=\"elementor-widget-container\">\n\t\t\t\t\t<h2 class=\"elementor-heading-title elementor-size-default\">Imprint<\/h2>\t\t\t\t<\/div>\n\t\t\t\t<\/div>\n\t\t\t\t<div class=\"elementor-element elementor-element-4abbaa0 elementor-widget elementor-widget-text-editor\" data-id=\"4abbaa0\" data-element_type=\"widget\" data-e-type=\"widget\" data-widget_type=\"text-editor.default\">\n\t\t\t\t<div class=\"elementor-widget-container\">\n\t\t\t\t\t\t\t\t\t<p><strong>budatec GmbH<\/strong><\/p><p>Melli-Beese-Stra\u00dfe 28<\/p><p>12487 Berlin<\/p><p>Germany<\/p><p>Tel.\u00a0 +49 30 63224070<\/p><p>Fax\u00a0 +49 30 63224071<\/p><p><a href=\"mailto:info@budatec.de\"><span style=\"text-decoration: underline;\">info@budatec.de<\/span><\/a><\/p><p><strong><br \/>Managing Directors<\/strong><\/p><p>Dipl.-Ing. Dirk Bu\u00dfe<\/p><p>Dipl.-Ing. (FH) Alexander Dahlb\u00fcdding<\/p><p>Official Court Berlin Charlottenburg HRB 122897 B<\/p><p>UST-ID-No. DE 267506256<\/p>\t\t\t\t\t\t\t\t<\/div>\n\t\t\t\t<\/div>\n\t\t\t\t\t<\/div>\n\t\t<\/div>\n\t\t\t\t\t<\/div>\n\t\t<\/section>\n\t\t\t\t<\/div>","protected":false},"excerpt":{"rendered":"<p>Impressum budatec GmbH Melli-Beese-Stra\u00dfe 28 12487 Berlin Deutschland Tel.\u00a0 +49 30 63224070 Fax\u00a0 +49 30 63224071 info@budatec.de Gesch\u00e4ftsf\u00fchrer Dipl.-Ing. Dirk Bu\u00dfe Dipl.-Ing. (FH) Alexander Dahlb\u00fcdding Amtsgericht Berlin Charlottenburg HRB 122897 B UST-ID-No. DE 267506256<\/p>","protected":false},"author":2,"featured_media":0,"parent":0,"menu_order":0,"comment_status":"closed","ping_status":"closed","template":"","meta":{"site-sidebar-layout":"default","site-content-layout":"default","ast-site-content-layout":"default","site-content-style":"default","site-sidebar-style":"default","ast-global-header-display":"","ast-banner-title-visibility":"","ast-main-header-display":"","ast-hfb-above-header-display":"","ast-hfb-below-header-display":"","ast-hfb-mobile-header-display":"","site-post-title":"disabled","ast-breadcrumbs-content":"","ast-featured-img":"","footer-sml-layout":"","ast-disable-related-posts":"","theme-transparent-header-meta":"default","adv-header-id-meta":"","stick-header-meta":"","header-above-stick-meta":"","header-main-stick-meta":"","header-below-stick-meta":"","astra-migrate-meta-layouts":"default","ast-page-background-enabled":"default","ast-page-background-meta":{"desktop":{"background-color":"","background-image":"","background-repeat":"repeat","background-position":"center center","background-size":"auto","background-attachment":"scroll","background-type":"","background-media":"","overlay-type":"","overlay-color":"","overlay-opacity":"","overlay-gradient":""},"tablet":{"background-color":"","background-image":"","background-repeat":"repeat","background-position":"center center","background-size":"auto","background-attachment":"scroll","background-type":"","background-media":"","overlay-type":"","overlay-color":"","overlay-opacity":"","overlay-gradient":""},"mobile":{"background-color":"","background-image":"","background-repeat":"repeat","background-position":"center center","background-size":"auto","background-attachment":"scroll","background-type":"","background-media":"","overlay-type":"","overlay-color":"","overlay-opacity":"","overlay-gradient":""}},"ast-content-background-meta":{"desktop":{"background-color":"var(--ast-global-color-5)","background-image":"","background-repeat":"repeat","background-position":"center center","background-size":"auto","background-attachment":"scroll","background-type":"","background-media":"","overlay-type":"","overlay-color":"","overlay-opacity":"","overlay-gradient":""},"tablet":{"background-color":"var(--ast-global-color-5)","background-image":"","background-repeat":"repeat","background-position":"center center","background-size":"auto","background-attachment":"scroll","background-type":"","background-media":"","overlay-type":"","overlay-color":"","overlay-opacity":"","overlay-gradient":""},"mobile":{"background-color":"var(--ast-global-color-5)","background-image":"","background-repeat":"repeat","background-position":"center center","background-size":"auto","background-attachment":"scroll","background-type":"","background-media":"","overlay-type":"","overlay-color":"","overlay-opacity":"","overlay-gradient":""}},"footnotes":"","_wp_rev_ctl_limit":""},"class_list":["post-2726","page","type-page","status-publish","hentry"],"_links":{"self":[{"href":"https:\/\/budatec.de\/en\/wp-json\/wp\/v2\/pages\/2726","targetHints":{"allow":["GET"]}}],"collection":[{"href":"https:\/\/budatec.de\/en\/wp-json\/wp\/v2\/pages"}],"about":[{"href":"https:\/\/budatec.de\/en\/wp-json\/wp\/v2\/types\/page"}],"author":[{"embeddable":true,"href":"https:\/\/budatec.de\/en\/wp-json\/wp\/v2\/users\/2"}],"replies":[{"embeddable":true,"href":"https:\/\/budatec.de\/en\/wp-json\/wp\/v2\/comments?post=2726"}],"version-history":[{"count":4,"href":"https:\/\/budatec.de\/en\/wp-json\/wp\/v2\/pages\/2726\/revisions"}],"predecessor-version":[{"id":11520,"href":"https:\/\/budatec.de\/en\/wp-json\/wp\/v2\/pages\/2726\/revisions\/11520"}],"wp:attachment":[{"href":"https:\/\/budatec.de\/en\/wp-json\/wp\/v2\/media?parent=2726"}],"curies":[{"name":"wp","href":"https:\/\/api.w.org\/{rel}","templated":true}]}}