{"id":2720,"date":"2021-02-17T19:46:52","date_gmt":"2021-02-17T18:46:52","guid":{"rendered":"https:\/\/budatec.de\/?page_id=2720"},"modified":"2022-05-23T11:16:39","modified_gmt":"2022-05-23T09:16:39","slug":"company-history","status":"publish","type":"page","link":"https:\/\/budatec.de\/en\/company-history\/","title":{"rendered":"Company history"},"content":{"rendered":"<div data-elementor-type=\"wp-page\" data-elementor-id=\"2720\" class=\"elementor elementor-2720\">\n\t\t\t\t\t\t<section class=\"elementor-section elementor-top-section elementor-element elementor-element-37e2676 elementor-section-content-top elementor-section-boxed elementor-section-height-default elementor-section-height-default\" data-id=\"37e2676\" data-element_type=\"section\" data-e-type=\"section\" data-settings=\"{&quot;background_background&quot;:&quot;classic&quot;}\">\n\t\t\t\t\t\t<div class=\"elementor-container elementor-column-gap-default\">\n\t\t\t\t\t<div class=\"elementor-column elementor-col-50 elementor-top-column elementor-element elementor-element-343f074 elementor-hidden-mobile\" data-id=\"343f074\" data-element_type=\"column\" data-e-type=\"column\" data-settings=\"{&quot;background_background&quot;:&quot;classic&quot;}\">\n\t\t\t<div class=\"elementor-widget-wrap elementor-element-populated\">\n\t\t\t\t\t\t<div class=\"elementor-element elementor-element-d10a216 elementor-widget elementor-widget-image\" data-id=\"d10a216\" data-element_type=\"widget\" data-e-type=\"widget\" data-widget_type=\"image.default\">\n\t\t\t\t<div class=\"elementor-widget-container\">\n\t\t\t\t\t\t\t\t\t\t\t\t\t\t\t<img decoding=\"async\" src=\"https:\/\/budatec.de\/wp-content\/uploads\/Waben_02.png\" title=\"\" alt=\"\" loading=\"lazy\" \/>\t\t\t\t\t\t\t\t\t\t\t\t\t\t\t<\/div>\n\t\t\t\t<\/div>\n\t\t\t\t\t<\/div>\n\t\t<\/div>\n\t\t\t\t<div class=\"elementor-column elementor-col-50 elementor-top-column elementor-element elementor-element-b136e6c\" data-id=\"b136e6c\" data-element_type=\"column\" data-e-type=\"column\" data-settings=\"{&quot;background_background&quot;:&quot;classic&quot;}\">\n\t\t\t<div class=\"elementor-widget-wrap elementor-element-populated\">\n\t\t\t\t\t\t<div class=\"elementor-element elementor-element-f3f9393 elementor-widget elementor-widget-heading\" data-id=\"f3f9393\" data-element_type=\"widget\" data-e-type=\"widget\" data-widget_type=\"heading.default\">\n\t\t\t\t<div class=\"elementor-widget-container\">\n\t\t\t\t\t<h2 class=\"elementor-heading-title elementor-size-default\">Company history<\/h2>\t\t\t\t<\/div>\n\t\t\t\t<\/div>\n\t\t\t\t<div class=\"elementor-element elementor-element-ee1920e elementor-widget elementor-widget-text-editor\" data-id=\"ee1920e\" data-element_type=\"widget\" data-e-type=\"widget\" data-widget_type=\"text-editor.default\">\n\t\t\t\t<div class=\"elementor-widget-container\">\n\t\t\t\t\t\t\t\t\t<p><strong>2020 &#8211; 2021<\/strong><\/p><p>Introduction of the new VS 160\/320\/XL II series with new design, new software and additional functions<\/p><p><strong>2019<\/strong><\/p><p>Development of the SP 300 sintering press with a purely servo-electric drive for sintering under adjustable atmospheres and freely programmable forces up to 300 kN<\/p><p><strong>2018<\/strong><\/p><p>Delivery of the 100th vacuum soldering systems.<\/p><p>Expansion of the production area through the construction of a new warehouse including automatic paternoster storage systems.<\/p><p>Investment in a CNC milling center for the production of customer-specific components with minimum lead times.<\/p><p><strong>2016<\/strong><\/p><p>Opening of our new company headquarter with a production hall and office building in Berlin's Melli-Beese-Strasse, at the former Johannisthal airfield.<\/p><p>ISO 9001 certification<\/p><p><strong>2015<\/strong><\/p><p>Development of the VS XL vacuum soldering system for large parts and high throughput<\/p><p><strong>2014<\/strong><\/p><p>Development of the SP 60 sintering press for sintering under inert\/reduced atmospheres and vacuum.<\/p><p><strong>2013<\/strong><\/p><p>Development of the automated inline vacuum soldering system VS 320 i for mass production<\/p><p><strong>2010 &#8211; 2012<\/strong><\/p><p>Delivery of first products to well-known customers. Development and construction of the VS 320 vacuum soldering system with the options of hydrogen and plasma cleaning<\/p><p><strong>2009<\/strong><\/p><p>Founding of budatec GmbH by Alexander Dahlb\u00fcdding and Dirk Busse<\/p><p>Development and construction of the VS 160 vacuum soldering system and trade fair appearance at the Productronica Munich<\/p><p><strong><br \/>2003 &#8211; 2009<\/strong><\/p><p>Accquisition of TECA Technologieorientierte Automation GmbH by centrotherm. In addition to the development and production of vacuum soldering systems, the focus was on the development of fully automatic wafer testers.<\/p><p><strong>1991 &#8211; 2003<\/strong><\/p><p>TECA Technologieorientierte Automation GmbH was formed from the Institut f\u00fcr Nachrichtentechnik. The focus was on the development and construction of vacuum soldering systems such as the MCM (Multichip Assembly Machine) as well as automation systems for the semiconductor industry. This is where the founding team of the later budatec GmbH started.<\/p>\t\t\t\t\t\t\t\t<\/div>\n\t\t\t\t<\/div>\n\t\t\t\t\t<\/div>\n\t\t<\/div>\n\t\t\t\t\t<\/div>\n\t\t<\/section>\n\t\t\t\t<\/div>","protected":false},"excerpt":{"rendered":"<p>Firmengeschichte 2020 &#8211; 2021 Einf\u00fchrung der neuen Baureihe VS 160\/320\/XL II mit neuem Design, neuer Software und zus\u00e4tzlichen Funktionen 2019 Entwicklung der Sinterpresse SP 300 mit einem rein servoelektrischen Antrieb zum Sintern unter einstellbaren Atmosph\u00e4ren und frei Programmierbaren Kr\u00e4ften bis 300 kN 2018 Auslieferung des 100. Vakuuml\u00f6tsystems. Erweiterung der Produktionsfl\u00e4che durch den Neubau einer Lagerhalle [&hellip;]<\/p>\n","protected":false},"author":2,"featured_media":0,"parent":0,"menu_order":0,"comment_status":"closed","ping_status":"closed","template":"","meta":{"site-sidebar-layout":"default","site-content-layout":"default","ast-site-content-layout":"default","site-content-style":"default","site-sidebar-style":"default","ast-global-header-display":"","ast-banner-title-visibility":"","ast-main-header-display":"","ast-hfb-above-header-display":"","ast-hfb-below-header-display":"","ast-hfb-mobile-header-display":"","site-post-title":"disabled","ast-breadcrumbs-content":"","ast-featured-img":"","footer-sml-layout":"","ast-disable-related-posts":"","theme-transparent-header-meta":"default","adv-header-id-meta":"","stick-header-meta":"","header-above-stick-meta":"","header-main-stick-meta":"","header-below-stick-meta":"","astra-migrate-meta-layouts":"default","ast-page-background-enabled":"default","ast-page-background-meta":{"desktop":{"background-color":"","background-image":"","background-repeat":"repeat","background-position":"center center","background-size":"auto","background-attachment":"scroll","background-type":"","background-media":"","overlay-type":"","overlay-color":"","overlay-opacity":"","overlay-gradient":""},"tablet":{"background-color":"","background-image":"","background-repeat":"repeat","background-position":"center center","background-size":"auto","background-attachment":"scroll","background-type":"","background-media":"","overlay-type":"","overlay-color":"","overlay-opacity":"","overlay-gradient":""},"mobile":{"background-color":"","background-image":"","background-repeat":"repeat","background-position":"center center","background-size":"auto","background-attachment":"scroll","background-type":"","background-media":"","overlay-type":"","overlay-color":"","overlay-opacity":"","overlay-gradient":""}},"ast-content-background-meta":{"desktop":{"background-color":"var(--ast-global-color-5)","background-image":"","background-repeat":"repeat","background-position":"center center","background-size":"auto","background-attachment":"scroll","background-type":"","background-media":"","overlay-type":"","overlay-color":"","overlay-opacity":"","overlay-gradient":""},"tablet":{"background-color":"var(--ast-global-color-5)","background-image":"","background-repeat":"repeat","background-position":"center center","background-size":"auto","background-attachment":"scroll","background-type":"","background-media":"","overlay-type":"","overlay-color":"","overlay-opacity":"","overlay-gradient":""},"mobile":{"background-color":"var(--ast-global-color-5)","background-image":"","background-repeat":"repeat","background-position":"center center","background-size":"auto","background-attachment":"scroll","background-type":"","background-media":"","overlay-type":"","overlay-color":"","overlay-opacity":"","overlay-gradient":""}},"footnotes":"","_wp_rev_ctl_limit":""},"class_list":["post-2720","page","type-page","status-publish","hentry"],"_links":{"self":[{"href":"https:\/\/budatec.de\/en\/wp-json\/wp\/v2\/pages\/2720","targetHints":{"allow":["GET"]}}],"collection":[{"href":"https:\/\/budatec.de\/en\/wp-json\/wp\/v2\/pages"}],"about":[{"href":"https:\/\/budatec.de\/en\/wp-json\/wp\/v2\/types\/page"}],"author":[{"embeddable":true,"href":"https:\/\/budatec.de\/en\/wp-json\/wp\/v2\/users\/2"}],"replies":[{"embeddable":true,"href":"https:\/\/budatec.de\/en\/wp-json\/wp\/v2\/comments?post=2720"}],"version-history":[{"count":4,"href":"https:\/\/budatec.de\/en\/wp-json\/wp\/v2\/pages\/2720\/revisions"}],"predecessor-version":[{"id":11999,"href":"https:\/\/budatec.de\/en\/wp-json\/wp\/v2\/pages\/2720\/revisions\/11999"}],"wp:attachment":[{"href":"https:\/\/budatec.de\/en\/wp-json\/wp\/v2\/media?parent=2720"}],"curies":[{"name":"wp","href":"https:\/\/api.w.org\/{rel}","templated":true}]}}