{"id":2713,"date":"2021-02-17T19:40:48","date_gmt":"2021-02-17T18:40:48","guid":{"rendered":"https:\/\/budatec.de\/?page_id=2713"},"modified":"2022-05-23T11:23:47","modified_gmt":"2022-05-23T09:23:47","slug":"company","status":"publish","type":"page","link":"https:\/\/budatec.de\/en\/company\/","title":{"rendered":"Company"},"content":{"rendered":"<div data-elementor-type=\"wp-page\" data-elementor-id=\"2713\" class=\"elementor elementor-2713\">\n\t\t\t\t\t\t<section class=\"elementor-section elementor-top-section elementor-element elementor-element-0b85a28 elementor-section-content-top elementor-section-boxed elementor-section-height-default elementor-section-height-default\" data-id=\"0b85a28\" data-element_type=\"section\" data-e-type=\"section\" data-settings=\"{&quot;background_background&quot;:&quot;classic&quot;}\">\n\t\t\t\t\t\t<div class=\"elementor-container elementor-column-gap-default\">\n\t\t\t\t\t<div class=\"elementor-column elementor-col-50 elementor-top-column elementor-element elementor-element-3825d69 elementor-hidden-mobile\" data-id=\"3825d69\" data-element_type=\"column\" data-e-type=\"column\" data-settings=\"{&quot;background_background&quot;:&quot;classic&quot;}\">\n\t\t\t<div class=\"elementor-widget-wrap elementor-element-populated\">\n\t\t\t\t\t\t<div class=\"elementor-element elementor-element-03c5abb elementor-widget elementor-widget-image\" data-id=\"03c5abb\" data-element_type=\"widget\" data-e-type=\"widget\" data-widget_type=\"image.default\">\n\t\t\t\t<div class=\"elementor-widget-container\">\n\t\t\t\t\t\t\t\t\t\t\t\t\t\t\t<img fetchpriority=\"high\" decoding=\"async\" width=\"500\" height=\"744\" src=\"https:\/\/budatec.de\/wp-content\/uploads\/Waben_02.png\" class=\"attachment-full size-full wp-image-10696\" alt=\"\" srcset=\"https:\/\/budatec.de\/wp-content\/uploads\/Waben_02.png 500w, https:\/\/budatec.de\/wp-content\/uploads\/Waben_02-202x300.png 202w, https:\/\/budatec.de\/wp-content\/uploads\/Waben_02-8x12.png 8w\" sizes=\"(max-width: 500px) 100vw, 500px\" \/>\t\t\t\t\t\t\t\t\t\t\t\t\t\t\t<\/div>\n\t\t\t\t<\/div>\n\t\t\t\t\t<\/div>\n\t\t<\/div>\n\t\t\t\t<div class=\"elementor-column elementor-col-50 elementor-top-column elementor-element elementor-element-bb5b28c\" data-id=\"bb5b28c\" data-element_type=\"column\" data-e-type=\"column\" data-settings=\"{&quot;background_background&quot;:&quot;classic&quot;}\">\n\t\t\t<div class=\"elementor-widget-wrap elementor-element-populated\">\n\t\t\t\t\t\t<div class=\"elementor-element elementor-element-dae08ca elementor-widget elementor-widget-heading\" data-id=\"dae08ca\" data-element_type=\"widget\" data-e-type=\"widget\" data-widget_type=\"heading.default\">\n\t\t\t\t<div class=\"elementor-widget-container\">\n\t\t\t\t\t<h2 class=\"elementor-heading-title elementor-size-default\">Company<\/h2>\t\t\t\t<\/div>\n\t\t\t\t<\/div>\n\t\t\t\t<section class=\"elementor-section elementor-inner-section elementor-element elementor-element-52cd60e elementor-section-boxed elementor-section-height-default elementor-section-height-default\" data-id=\"52cd60e\" data-element_type=\"section\" data-e-type=\"section\">\n\t\t\t\t\t\t<div class=\"elementor-container elementor-column-gap-default\">\n\t\t\t\t\t<div class=\"elementor-column elementor-col-33 elementor-inner-column elementor-element elementor-element-de2e187\" data-id=\"de2e187\" data-element_type=\"column\" data-e-type=\"column\">\n\t\t\t<div class=\"elementor-widget-wrap\">\n\t\t\t\t\t\t\t<\/div>\n\t\t<\/div>\n\t\t\t\t<div class=\"elementor-column elementor-col-33 elementor-inner-column elementor-element elementor-element-30e3e42\" data-id=\"30e3e42\" data-element_type=\"column\" data-e-type=\"column\">\n\t\t\t<div class=\"elementor-widget-wrap elementor-element-populated\">\n\t\t\t\t\t\t<div class=\"elementor-element elementor-element-c1900d8 elementor-widget elementor-widget-image\" data-id=\"c1900d8\" data-element_type=\"widget\" data-e-type=\"widget\" data-widget_type=\"image.default\">\n\t\t\t\t<div class=\"elementor-widget-container\">\n\t\t\t\t\t\t\t\t\t\t\t\t\t\t\t<img decoding=\"async\" width=\"1024\" height=\"768\" src=\"https:\/\/budatec.de\/wp-content\/uploads\/Standort_01-1024x768.jpg\" class=\"attachment-large size-large wp-image-8965\" alt=\"\" srcset=\"https:\/\/budatec.de\/wp-content\/uploads\/Standort_01-1024x768.jpg 1024w, https:\/\/budatec.de\/wp-content\/uploads\/Standort_01-300x225.jpg 300w, https:\/\/budatec.de\/wp-content\/uploads\/Standort_01-768x576.jpg 768w, https:\/\/budatec.de\/wp-content\/uploads\/Standort_01-16x12.jpg 16w, https:\/\/budatec.de\/wp-content\/uploads\/Standort_01.jpg 1386w\" sizes=\"(max-width: 1024px) 100vw, 1024px\" \/>\t\t\t\t\t\t\t\t\t\t\t\t\t\t\t<\/div>\n\t\t\t\t<\/div>\n\t\t\t\t\t<\/div>\n\t\t<\/div>\n\t\t\t\t<div class=\"elementor-column elementor-col-33 elementor-inner-column elementor-element elementor-element-d373bcc\" data-id=\"d373bcc\" data-element_type=\"column\" data-e-type=\"column\">\n\t\t\t<div class=\"elementor-widget-wrap\">\n\t\t\t\t\t\t\t<\/div>\n\t\t<\/div>\n\t\t\t\t\t<\/div>\n\t\t<\/section>\n\t\t\t\t<div class=\"elementor-element elementor-element-ed7f3e4 elementor-widget elementor-widget-heading\" data-id=\"ed7f3e4\" data-element_type=\"widget\" data-e-type=\"widget\" data-widget_type=\"heading.default\">\n\t\t\t\t<div class=\"elementor-widget-container\">\n\t\t\t\t\t<h3 class=\"elementor-heading-title elementor-size-default\">budatec GmbH Berlin<\/h3>\t\t\t\t<\/div>\n\t\t\t\t<\/div>\n\t\t\t\t<div class=\"elementor-element elementor-element-931bffd elementor-widget elementor-widget-text-editor\" data-id=\"931bffd\" data-element_type=\"widget\" data-e-type=\"widget\" data-widget_type=\"text-editor.default\">\n\t\t\t\t<div class=\"elementor-widget-container\">\n\t\t\t\t\t\t\t\t\t<p>The budatec GmbH is a plant manufacturer for the semiconductor and solar industry and based in Berlin. The main business areas are thermal systems as well as products and solutions for electronic manufacturing.<\/p><p>The main focus is on vacuum soldering systems and systems for sintering semiconductor chips.<br \/>The product range extends from small batch systems to fully automated production systems.<\/p><p>The budatec GmbH team can draw on more than 30 years of experience in the field of packaging technology.<\/p><p>Budatec systems are used worldwide for the production of electronic and power electronic components, by automotive industry suppliers, in the manufacturing of lasers and in medical technology.<\/p><p>In numerous research institutions, budatec systems are the basis for the development and implementation of new technologies.<\/p>\t\t\t\t\t\t\t\t<\/div>\n\t\t\t\t<\/div>\n\t\t\t\t\t<\/div>\n\t\t<\/div>\n\t\t\t\t\t<\/div>\n\t\t<\/section>\n\t\t\t\t<\/div>","protected":false},"excerpt":{"rendered":"<p>Unternehmen budatec GmbH Berlin Die budatec GmbH ist Anlagenhersteller f\u00fcr die Halbleiter- und Solarindustrie mit Sitz in Berlin. Hauptgesch\u00e4ftsfelder sind thermische Systeme sowie Produkte und L\u00f6sungen f\u00fcr die Elektronikfertigung. Schwerpunkte dabei sind Vakuuml\u00f6tsysteme und Systeme zum Sintern von Halbleiterchips.Die Produktpalette reicht von kleinen Batch-Anlagen bis hin zu vollautomatisierten Produktionssystemen. Das Team der budatec GmbH kann [&hellip;]<\/p>\n","protected":false},"author":2,"featured_media":0,"parent":0,"menu_order":0,"comment_status":"closed","ping_status":"closed","template":"","meta":{"site-sidebar-layout":"default","site-content-layout":"default","ast-site-content-layout":"default","site-content-style":"default","site-sidebar-style":"default","ast-global-header-display":"","ast-banner-title-visibility":"","ast-main-header-display":"","ast-hfb-above-header-display":"","ast-hfb-below-header-display":"","ast-hfb-mobile-header-display":"","site-post-title":"disabled","ast-breadcrumbs-content":"","ast-featured-img":"","footer-sml-layout":"","ast-disable-related-posts":"","theme-transparent-header-meta":"default","adv-header-id-meta":"","stick-header-meta":"","header-above-stick-meta":"","header-main-stick-meta":"","header-below-stick-meta":"","astra-migrate-meta-layouts":"default","ast-page-background-enabled":"default","ast-page-background-meta":{"desktop":{"background-color":"","background-image":"","background-repeat":"repeat","background-position":"center center","background-size":"auto","background-attachment":"scroll","background-type":"","background-media":"","overlay-type":"","overlay-color":"","overlay-opacity":"","overlay-gradient":""},"tablet":{"background-color":"","background-image":"","background-repeat":"repeat","background-position":"center center","background-size":"auto","background-attachment":"scroll","background-type":"","background-media":"","overlay-type":"","overlay-color":"","overlay-opacity":"","overlay-gradient":""},"mobile":{"background-color":"","background-image":"","background-repeat":"repeat","background-position":"center center","background-size":"auto","background-attachment":"scroll","background-type":"","background-media":"","overlay-type":"","overlay-color":"","overlay-opacity":"","overlay-gradient":""}},"ast-content-background-meta":{"desktop":{"background-color":"var(--ast-global-color-5)","background-image":"","background-repeat":"repeat","background-position":"center center","background-size":"auto","background-attachment":"scroll","background-type":"","background-media":"","overlay-type":"","overlay-color":"","overlay-opacity":"","overlay-gradient":""},"tablet":{"background-color":"var(--ast-global-color-5)","background-image":"","background-repeat":"repeat","background-position":"center center","background-size":"auto","background-attachment":"scroll","background-type":"","background-media":"","overlay-type":"","overlay-color":"","overlay-opacity":"","overlay-gradient":""},"mobile":{"background-color":"var(--ast-global-color-5)","background-image":"","background-repeat":"repeat","background-position":"center center","background-size":"auto","background-attachment":"scroll","background-type":"","background-media":"","overlay-type":"","overlay-color":"","overlay-opacity":"","overlay-gradient":""}},"footnotes":"","_wp_rev_ctl_limit":""},"class_list":["post-2713","page","type-page","status-publish","hentry"],"_links":{"self":[{"href":"https:\/\/budatec.de\/en\/wp-json\/wp\/v2\/pages\/2713","targetHints":{"allow":["GET"]}}],"collection":[{"href":"https:\/\/budatec.de\/en\/wp-json\/wp\/v2\/pages"}],"about":[{"href":"https:\/\/budatec.de\/en\/wp-json\/wp\/v2\/types\/page"}],"author":[{"embeddable":true,"href":"https:\/\/budatec.de\/en\/wp-json\/wp\/v2\/users\/2"}],"replies":[{"embeddable":true,"href":"https:\/\/budatec.de\/en\/wp-json\/wp\/v2\/comments?post=2713"}],"version-history":[{"count":4,"href":"https:\/\/budatec.de\/en\/wp-json\/wp\/v2\/pages\/2713\/revisions"}],"predecessor-version":[{"id":11600,"href":"https:\/\/budatec.de\/en\/wp-json\/wp\/v2\/pages\/2713\/revisions\/11600"}],"wp:attachment":[{"href":"https:\/\/budatec.de\/en\/wp-json\/wp\/v2\/media?parent=2713"}],"curies":[{"name":"wp","href":"https:\/\/api.w.org\/{rel}","templated":true}]}}